{"id":39669,"date":"2024-02-14T10:34:25","date_gmt":"2024-02-14T08:34:25","guid":{"rendered":"https:\/\/www.bau-styl.hu\/epitoanyag\/?post_type=product&#038;p=39669"},"modified":"2024-02-14T13:10:39","modified_gmt":"2024-02-14T11:10:39","slug":"stalco-pvc-simito-filces-simito-270-x-130-mm-filc-5mm-s-37513","status":"publish","type":"product","link":"https:\/\/www.bau-styl.hu\/epitoanyag\/termek\/stalco-pvc-simito-filces-simito-270-x-130-mm-filc-5mm-s-37513\/","title":{"rendered":"Stalco PVC sim\u00edt\u00f3, filces sim\u00edt\u00f3 270 x 130 mm , filc 5mm S-37513"},"content":{"rendered":"","protected":false},"excerpt":{"rendered":"","protected":false},"featured_media":39670,"template":"","meta":[],"product_brand":[],"product_cat":[261],"product_tag":[8837],"class_list":{"0":"post-39669","1":"product","2":"type-product","3":"status-publish","4":"has-post-thumbnail","6":"product_cat-barkacs-szerszam-es-munkavedelem","7":"product_tag-stalco","9":"first","10":"instock","11":"taxable","12":"shipping-taxable","13":"purchasable","14":"product-type-simple"},"aioseo_notices":[],"_links":{"self":[{"href":"https:\/\/www.bau-styl.hu\/epitoanyag\/wp-json\/wp\/v2\/product\/39669","targetHints":{"allow":["GET"]}}],"collection":[{"href":"https:\/\/www.bau-styl.hu\/epitoanyag\/wp-json\/wp\/v2\/product"}],"about":[{"href":"https:\/\/www.bau-styl.hu\/epitoanyag\/wp-json\/wp\/v2\/types\/product"}],"wp:featuredmedia":[{"embeddable":true,"href":"https:\/\/www.bau-styl.hu\/epitoanyag\/wp-json\/wp\/v2\/media\/39670"}],"wp:attachment":[{"href":"https:\/\/www.bau-styl.hu\/epitoanyag\/wp-json\/wp\/v2\/media?parent=39669"}],"wp:term":[{"taxonomy":"product_brand","embeddable":true,"href":"https:\/\/www.bau-styl.hu\/epitoanyag\/wp-json\/wp\/v2\/product_brand?post=39669"},{"taxonomy":"product_cat","embeddable":true,"href":"https:\/\/www.bau-styl.hu\/epitoanyag\/wp-json\/wp\/v2\/product_cat?post=39669"},{"taxonomy":"product_tag","embeddable":true,"href":"https:\/\/www.bau-styl.hu\/epitoanyag\/wp-json\/wp\/v2\/product_tag?post=39669"}],"curies":[{"name":"wp","href":"https:\/\/api.w.org\/{rel}","templated":true}]}}