{"id":3979,"date":"2023-03-02T15:08:11","date_gmt":"2023-03-02T13:08:11","guid":{"rendered":"https:\/\/www.bau-styl.hu\/epitoanyag\/termek\/terran-rundo-alapcserep-colorsystem-antracit\/"},"modified":"2025-12-04T09:40:44","modified_gmt":"2025-12-04T07:40:44","slug":"terran-rundo-alapcserep-antracit-neo-elegant","status":"publish","type":"product","link":"https:\/\/www.bau-styl.hu\/epitoanyag\/termek\/terran-rundo-alapcserep-antracit-neo-elegant\/","title":{"rendered":"Terr\u00e1n Rundo alapcser\u00e9p antracit neo elegant"},"content":{"rendered":"","protected":false},"excerpt":{"rendered":"<p><strong>Gy\u00e1rt\u00f3i fuvarszervez\u00e9s eset\u00e9n 4 raklap v\u00e1s\u00e1rl\u00e1s felett br. 469 Ft\/db \u00e1ron megv\u00e1s\u00e1rolhat\u00f3.<br \/>\n<\/strong>A kos\u00e1rban m\u00e9g a teljes \u00e1r lesz l\u00e1that\u00f3, de a kedvezm\u00e9nyt az aj\u00e1nlat feldolgoz\u00e1sakor \u00e9rv\u00e9nyes\u00edtj\u00fck.<br \/>\nA v\u00e9gleges, kedvezm\u00e9nyes \u00e1r a megrendel\u00e9s sor\u00e1n ker\u00fcl r\u00f6gz\u00edt\u00e9sre.<br \/>\n<strong><br \/>\nAkci\u00f3 id\u0151tartama: 2025. j\u00fanius 2. \u2013 j\u00falius 31 k\u00f6z\u00f6tt vagy a k\u00e9szlet erej\u00e9ig!<\/strong><br \/>\n<strong>Megrendel\u00e9sek lead\u00e1si hat\u00e1rideje: 2025. j\u00falius 31.<\/strong><br \/>\n<strong>Kisz\u00e1ll\u00edt\u00e1si hat\u00e1rid\u0151: 2025. szeptember 30.<\/strong><br \/>\n<strong>Rendelje meg most, a kisz\u00e1ll\u00edt\u00e1ssal pedig v\u00e1rhat szeptemberig!<\/strong><\/p>\n<p>A hornyolt, kett\u0151s \u00edvesv\u00e1g\u00e1s\u00fa cser\u00e9ppel megteremthet\u0151 a modern kor ig\u00e9nyeinek \u00e9s a hagyom\u00e1ny hangulat\u00e1nak harm\u00f3ni\u00e1ja. Az alapcser\u00e9p mell\u00e9 opcion\u00e1lis term\u00e9kek, idomcserepek (szell\u0151z\u0151cser\u00e9p, f\u00e9lcser\u00e9p, szeg\u00e9lycser\u00e9p, k\u00fapcser\u00e9p, eloszt\u00f3 k\u00fapcser\u00e9p, kezd\u0151 k\u00fapcser\u00e9p) k\u00f6z\u00fcl v\u00e1laszthat, amelyek \u00e1rair\u00f3l az aj\u00e1nlatk\u00e9r\u00e9s lead\u00e1s\u00e1t k\u00f6vet\u0151en munkat\u00e1rsunk emailben t\u00e1j\u00e9koztatja \u00d6nt.<\/p>\n","protected":false},"featured_media":35811,"template":"","meta":[],"product_brand":[],"product_cat":[355,6654,6662],"product_tag":[],"class_list":{"0":"post-3979","1":"product","2":"type-product","3":"status-publish","4":"has-post-thumbnail","6":"product_cat-tetofedes","7":"product_cat-beton-cserep","8":"product_cat-terran-beton-alapcserep","10":"first","11":"instock","12":"taxable","13":"shipping-taxable","14":"purchasable","15":"product-type-simple"},"aioseo_notices":[],"_links":{"self":[{"href":"https:\/\/www.bau-styl.hu\/epitoanyag\/wp-json\/wp\/v2\/product\/3979","targetHints":{"allow":["GET"]}}],"collection":[{"href":"https:\/\/www.bau-styl.hu\/epitoanyag\/wp-json\/wp\/v2\/product"}],"about":[{"href":"https:\/\/www.bau-styl.hu\/epitoanyag\/wp-json\/wp\/v2\/types\/product"}],"wp:featuredmedia":[{"embeddable":true,"href":"https:\/\/www.bau-styl.hu\/epitoanyag\/wp-json\/wp\/v2\/media\/35811"}],"wp:attachment":[{"href":"https:\/\/www.bau-styl.hu\/epitoanyag\/wp-json\/wp\/v2\/media?parent=3979"}],"wp:term":[{"taxonomy":"product_brand","embeddable":true,"href":"https:\/\/www.bau-styl.hu\/epitoanyag\/wp-json\/wp\/v2\/product_brand?post=3979"},{"taxonomy":"product_cat","embeddable":true,"href":"https:\/\/www.bau-styl.hu\/epitoanyag\/wp-json\/wp\/v2\/product_cat?post=3979"},{"taxonomy":"product_tag","embeddable":true,"href":"https:\/\/www.bau-styl.hu\/epitoanyag\/wp-json\/wp\/v2\/product_tag?post=3979"}],"curies":[{"name":"wp","href":"https:\/\/api.w.org\/{rel}","templated":true}]}}