{"id":4071,"date":"2019-10-24T14:56:58","date_gmt":"2019-10-24T14:56:58","guid":{"rendered":"https:\/\/www.bau-styl.hu\/epitoanyag\/termek\/terran-synus-csatornaszellozo-egyseg-mogyorobarna\/"},"modified":"2025-12-04T09:40:27","modified_gmt":"2025-12-04T07:40:27","slug":"terran-synus-csatornaszellozo-egyseg-mogyorobarna","status":"publish","type":"product","link":"https:\/\/www.bau-styl.hu\/epitoanyag\/termek\/terran-synus-csatornaszellozo-egyseg-mogyorobarna\/","title":{"rendered":"Terr\u00e1n Synus Csatornaszell\u0151z\u0151 egys\u00e9g mogyor\u00f3barna"},"content":{"rendered":"","protected":false},"excerpt":{"rendered":"","protected":false},"featured_media":34937,"template":"","meta":[],"product_brand":[],"product_cat":[355,445,447,398],"product_tag":[],"class_list":{"0":"post-4071","1":"product","2":"type-product","3":"status-publish","4":"has-post-thumbnail","6":"product_cat-tetofedes","7":"product_cat-tetotartozek","8":"product_cat-fem-es-muanyag-kiegeszito","9":"product_cat-terran-kiegeszitok","11":"first","12":"instock","13":"taxable","14":"shipping-taxable","15":"purchasable","16":"product-type-simple"},"aioseo_notices":[],"_links":{"self":[{"href":"https:\/\/www.bau-styl.hu\/epitoanyag\/wp-json\/wp\/v2\/product\/4071","targetHints":{"allow":["GET"]}}],"collection":[{"href":"https:\/\/www.bau-styl.hu\/epitoanyag\/wp-json\/wp\/v2\/product"}],"about":[{"href":"https:\/\/www.bau-styl.hu\/epitoanyag\/wp-json\/wp\/v2\/types\/product"}],"wp:featuredmedia":[{"embeddable":true,"href":"https:\/\/www.bau-styl.hu\/epitoanyag\/wp-json\/wp\/v2\/media\/34937"}],"wp:attachment":[{"href":"https:\/\/www.bau-styl.hu\/epitoanyag\/wp-json\/wp\/v2\/media?parent=4071"}],"wp:term":[{"taxonomy":"product_brand","embeddable":true,"href":"https:\/\/www.bau-styl.hu\/epitoanyag\/wp-json\/wp\/v2\/product_brand?post=4071"},{"taxonomy":"product_cat","embeddable":true,"href":"https:\/\/www.bau-styl.hu\/epitoanyag\/wp-json\/wp\/v2\/product_cat?post=4071"},{"taxonomy":"product_tag","embeddable":true,"href":"https:\/\/www.bau-styl.hu\/epitoanyag\/wp-json\/wp\/v2\/product_tag?post=4071"}],"curies":[{"name":"wp","href":"https:\/\/api.w.org\/{rel}","templated":true}]}}