{"id":4099,"date":"2019-10-24T14:57:18","date_gmt":"2019-10-24T14:57:18","guid":{"rendered":"https:\/\/www.bau-styl.hu\/epitoanyag\/termek\/terran-szellozoszalag-fekete-5-m\/"},"modified":"2026-04-20T21:09:25","modified_gmt":"2026-04-20T19:09:25","slug":"terran-szellozoszalag-pvc-5-m-fekete","status":"publish","type":"product","link":"https:\/\/www.bau-styl.hu\/epitoanyag\/termek\/terran-szellozoszalag-pvc-5-m-fekete\/","title":{"rendered":"Terr\u00e1n Szell\u0151z\u0151szalag PVC 5 m fekete"},"content":{"rendered":"","protected":false},"excerpt":{"rendered":"<p>A szell\u0151z\u0151szalagot az eresz vonal\u00e1ba szok\u00e1s be\u00e9p\u00edteni, az \u00e1tszell\u0151z\u0151 leveg\u0151 bevezet\u00e9s\u00e9re. Az elem a leveg\u0151t beengedi, a madarak, nagyobb bogarak azonban nem tudnak bejutni a fed\u00e9s al\u00e1. Hull\u00e1mos cserepekn\u00e9l a lez\u00e1r\u00f3f\u00e9s\u0171vel egy\u00fctt alkalmazzuk.<\/p>\n","protected":false},"featured_media":1503,"template":"","meta":[],"product_brand":[11310],"product_cat":[11362,355],"product_tag":[],"class_list":{"0":"post-4099","1":"product","2":"type-product","3":"status-publish","4":"has-post-thumbnail","6":"product_brand-terran","7":"product_cat-fem-es-muanyag-kiegeszito","8":"product_cat-tetofedes","10":"first","11":"instock","12":"taxable","13":"shipping-taxable","14":"purchasable","15":"product-type-simple"},"aioseo_notices":[],"_links":{"self":[{"href":"https:\/\/www.bau-styl.hu\/epitoanyag\/wp-json\/wp\/v2\/product\/4099","targetHints":{"allow":["GET"]}}],"collection":[{"href":"https:\/\/www.bau-styl.hu\/epitoanyag\/wp-json\/wp\/v2\/product"}],"about":[{"href":"https:\/\/www.bau-styl.hu\/epitoanyag\/wp-json\/wp\/v2\/types\/product"}],"wp:featuredmedia":[{"embeddable":true,"href":"https:\/\/www.bau-styl.hu\/epitoanyag\/wp-json\/wp\/v2\/media\/1503"}],"wp:attachment":[{"href":"https:\/\/www.bau-styl.hu\/epitoanyag\/wp-json\/wp\/v2\/media?parent=4099"}],"wp:term":[{"taxonomy":"product_brand","embeddable":true,"href":"https:\/\/www.bau-styl.hu\/epitoanyag\/wp-json\/wp\/v2\/product_brand?post=4099"},{"taxonomy":"product_cat","embeddable":true,"href":"https:\/\/www.bau-styl.hu\/epitoanyag\/wp-json\/wp\/v2\/product_cat?post=4099"},{"taxonomy":"product_tag","embeddable":true,"href":"https:\/\/www.bau-styl.hu\/epitoanyag\/wp-json\/wp\/v2\/product_tag?post=4099"}],"curies":[{"name":"wp","href":"https:\/\/api.w.org\/{rel}","templated":true}]}}