{"id":4102,"date":"2019-10-24T14:57:20","date_gmt":"2019-10-24T14:57:20","guid":{"rendered":"https:\/\/www.bau-styl.hu\/epitoanyag\/termek\/terran-szolar-atvezeto-adapter-muanyag-alapcserephez-dn100-barna\/"},"modified":"2026-04-20T18:23:03","modified_gmt":"2026-04-20T16:23:03","slug":"terran-szolaratvezeto-adapter-dn110-muanyag-alapcserephez-barna","status":"publish","type":"product","link":"https:\/\/www.bau-styl.hu\/epitoanyag\/termek\/terran-szolaratvezeto-adapter-dn110-muanyag-alapcserephez-barna\/","title":{"rendered":"Terr\u00e1n Szol\u00e1r\u00e1tvezet\u0151-adapter DN110 m\u0171anyag alapcser\u00e9phez barna"},"content":{"rendered":"","protected":false},"excerpt":{"rendered":"","protected":false},"featured_media":1506,"template":"","meta":[],"product_brand":[11310],"product_cat":[11363,355],"product_tag":[],"class_list":{"0":"post-4102","1":"product","2":"type-product","3":"status-publish","4":"has-post-thumbnail","6":"product_brand-terran","7":"product_cat-tetokivezetes","8":"product_cat-tetofedes","10":"first","11":"instock","12":"taxable","13":"shipping-taxable","14":"purchasable","15":"product-type-simple"},"aioseo_notices":[],"_links":{"self":[{"href":"https:\/\/www.bau-styl.hu\/epitoanyag\/wp-json\/wp\/v2\/product\/4102","targetHints":{"allow":["GET"]}}],"collection":[{"href":"https:\/\/www.bau-styl.hu\/epitoanyag\/wp-json\/wp\/v2\/product"}],"about":[{"href":"https:\/\/www.bau-styl.hu\/epitoanyag\/wp-json\/wp\/v2\/types\/product"}],"wp:featuredmedia":[{"embeddable":true,"href":"https:\/\/www.bau-styl.hu\/epitoanyag\/wp-json\/wp\/v2\/media\/1506"}],"wp:attachment":[{"href":"https:\/\/www.bau-styl.hu\/epitoanyag\/wp-json\/wp\/v2\/media?parent=4102"}],"wp:term":[{"taxonomy":"product_brand","embeddable":true,"href":"https:\/\/www.bau-styl.hu\/epitoanyag\/wp-json\/wp\/v2\/product_brand?post=4102"},{"taxonomy":"product_cat","embeddable":true,"href":"https:\/\/www.bau-styl.hu\/epitoanyag\/wp-json\/wp\/v2\/product_cat?post=4102"},{"taxonomy":"product_tag","embeddable":true,"href":"https:\/\/www.bau-styl.hu\/epitoanyag\/wp-json\/wp\/v2\/product_tag?post=4102"}],"curies":[{"name":"wp","href":"https:\/\/api.w.org\/{rel}","templated":true}]}}