{"id":4103,"date":"2019-10-24T14:57:20","date_gmt":"2019-10-24T14:57:20","guid":{"rendered":"https:\/\/www.bau-styl.hu\/epitoanyag\/termek\/terran-szolar-atvezeto-adapter-muanyag-alapcserephez-dn100-fekete\/"},"modified":"2026-04-20T19:07:32","modified_gmt":"2026-04-20T17:07:32","slug":"terran-szolaratvezeto-adapter-dn110-muanyag-alapcserephez-fekete","status":"publish","type":"product","link":"https:\/\/www.bau-styl.hu\/epitoanyag\/termek\/terran-szolaratvezeto-adapter-dn110-muanyag-alapcserephez-fekete\/","title":{"rendered":"Terr\u00e1n Szol\u00e1r\u00e1tvezet\u0151-adapter DN110 m\u0171anyag alapcser\u00e9phez fekete"},"content":{"rendered":"","protected":false},"excerpt":{"rendered":"","protected":false},"featured_media":1505,"template":"","meta":[],"product_brand":[11310],"product_cat":[11363],"product_tag":[],"class_list":{"0":"post-4103","1":"product","2":"type-product","3":"status-publish","4":"has-post-thumbnail","6":"product_brand-terran","7":"product_cat-tetokivezetes","9":"first","10":"instock","11":"taxable","12":"shipping-taxable","13":"purchasable","14":"product-type-simple"},"aioseo_notices":[],"_links":{"self":[{"href":"https:\/\/www.bau-styl.hu\/epitoanyag\/wp-json\/wp\/v2\/product\/4103","targetHints":{"allow":["GET"]}}],"collection":[{"href":"https:\/\/www.bau-styl.hu\/epitoanyag\/wp-json\/wp\/v2\/product"}],"about":[{"href":"https:\/\/www.bau-styl.hu\/epitoanyag\/wp-json\/wp\/v2\/types\/product"}],"wp:featuredmedia":[{"embeddable":true,"href":"https:\/\/www.bau-styl.hu\/epitoanyag\/wp-json\/wp\/v2\/media\/1505"}],"wp:attachment":[{"href":"https:\/\/www.bau-styl.hu\/epitoanyag\/wp-json\/wp\/v2\/media?parent=4103"}],"wp:term":[{"taxonomy":"product_brand","embeddable":true,"href":"https:\/\/www.bau-styl.hu\/epitoanyag\/wp-json\/wp\/v2\/product_brand?post=4103"},{"taxonomy":"product_cat","embeddable":true,"href":"https:\/\/www.bau-styl.hu\/epitoanyag\/wp-json\/wp\/v2\/product_cat?post=4103"},{"taxonomy":"product_tag","embeddable":true,"href":"https:\/\/www.bau-styl.hu\/epitoanyag\/wp-json\/wp\/v2\/product_tag?post=4103"}],"curies":[{"name":"wp","href":"https:\/\/api.w.org\/{rel}","templated":true}]}}