{"id":4113,"date":"2019-10-24T14:57:26","date_gmt":"2019-10-24T14:57:26","guid":{"rendered":"https:\/\/www.bau-styl.hu\/epitoanyag\/termek\/terran-univerzalis-tetokibuvoablak-fekete-475x52-cm\/"},"modified":"2025-12-04T09:40:38","modified_gmt":"2025-12-04T07:40:38","slug":"terran-univerzalis-tetokibuvoablak-fekete-475x52-cm","status":"publish","type":"product","link":"https:\/\/www.bau-styl.hu\/epitoanyag\/termek\/terran-univerzalis-tetokibuvoablak-fekete-475x52-cm\/","title":{"rendered":"Terr\u00e1n Univerz\u00e1lis tet\u0151kib\u00fav\u00f3ablak fekete 47,5&#215;52 cm"},"content":{"rendered":"","protected":false},"excerpt":{"rendered":"<p>A Tet\u0151kib\u00fav\u00f3 ablak els\u0151sorban a tet\u0151re val\u00f3 egyszer\u0171 kijut\u00e1st teszi lehet\u0151v\u00e9. Ezenk\u00edv\u00fcl biztos\u00edtja a f\u00e9ny be\u00e1raml\u00e1s\u00e1t a tet\u0151t\u00e9rbe, illetve szell\u0151ztet\u0151 szerepe is lehet. C\u00e9lszer\u0171 a kib\u00fav\u00f3t a k\u00e9m\u00e9ny k\u00f6zel\u00e9ben elhelyezni, hogy tiszt\u00edt\u00e1sakor egyszer\u0171en meg lehessen k\u00f6zel\u00edteni. Mindenk\u00e9ppen az \u00e1csszerkezethez r\u00f6gz\u00edts\u00fck. Az ablak k\u00f6r\u00fcl a v\u00edzz\u00e1r\u00e1st gondosan kell elk\u00e9sz\u00edteni.<\/p>\n","protected":false},"featured_media":34937,"template":"","meta":[],"product_brand":[],"product_cat":[355,445,447,398,185,6637],"product_tag":[],"class_list":{"0":"post-4113","1":"product","2":"type-product","3":"status-publish","4":"has-post-thumbnail","6":"product_cat-tetofedes","7":"product_cat-tetotartozek","8":"product_cat-fem-es-muanyag-kiegeszito","9":"product_cat-terran-kiegeszitok","10":"product_cat-nyilaszarok","11":"product_cat-tetokibuvo","13":"first","14":"instock","15":"taxable","16":"shipping-taxable","17":"purchasable","18":"product-type-simple"},"aioseo_notices":[],"_links":{"self":[{"href":"https:\/\/www.bau-styl.hu\/epitoanyag\/wp-json\/wp\/v2\/product\/4113","targetHints":{"allow":["GET"]}}],"collection":[{"href":"https:\/\/www.bau-styl.hu\/epitoanyag\/wp-json\/wp\/v2\/product"}],"about":[{"href":"https:\/\/www.bau-styl.hu\/epitoanyag\/wp-json\/wp\/v2\/types\/product"}],"wp:featuredmedia":[{"embeddable":true,"href":"https:\/\/www.bau-styl.hu\/epitoanyag\/wp-json\/wp\/v2\/media\/34937"}],"wp:attachment":[{"href":"https:\/\/www.bau-styl.hu\/epitoanyag\/wp-json\/wp\/v2\/media?parent=4113"}],"wp:term":[{"taxonomy":"product_brand","embeddable":true,"href":"https:\/\/www.bau-styl.hu\/epitoanyag\/wp-json\/wp\/v2\/product_brand?post=4113"},{"taxonomy":"product_cat","embeddable":true,"href":"https:\/\/www.bau-styl.hu\/epitoanyag\/wp-json\/wp\/v2\/product_cat?post=4113"},{"taxonomy":"product_tag","embeddable":true,"href":"https:\/\/www.bau-styl.hu\/epitoanyag\/wp-json\/wp\/v2\/product_tag?post=4113"}],"curies":[{"name":"wp","href":"https:\/\/api.w.org\/{rel}","templated":true}]}}