{"id":41702,"date":"1970-01-01T00:00:00","date_gmt":"1969-12-31T22:00:00","guid":{"rendered":"https:\/\/www.bau-styl.hu\/epitoanyag\/?post_type=product&#038;p=41702"},"modified":"2026-04-20T12:12:22","modified_gmt":"2026-04-20T10:12:22","slug":"grohe-grandera-tarto-keramia-poharral-krom","status":"publish","type":"product","link":"https:\/\/www.bau-styl.hu\/epitoanyag\/termek\/grohe-grandera-tarto-keramia-poharral-krom\/","title":{"rendered":"Grohe Grandera Tart\u00f3 ker\u00e1mia poh\u00e1rral, kr\u00f3m"},"content":{"rendered":"","protected":false},"excerpt":{"rendered":"","protected":false},"featured_media":41627,"template":"","meta":[],"product_brand":[10514],"product_cat":[10809],"product_tag":[],"class_list":{"0":"post-41702","1":"product","2":"type-product","3":"status-publish","4":"has-post-thumbnail","6":"product_brand-grohe","7":"product_cat-furdoszobai-kiegeszito","9":"first","10":"instock","11":"sale","12":"taxable","13":"shipping-taxable","14":"purchasable","15":"product-type-simple"},"aioseo_notices":[],"_links":{"self":[{"href":"https:\/\/www.bau-styl.hu\/epitoanyag\/wp-json\/wp\/v2\/product\/41702","targetHints":{"allow":["GET"]}}],"collection":[{"href":"https:\/\/www.bau-styl.hu\/epitoanyag\/wp-json\/wp\/v2\/product"}],"about":[{"href":"https:\/\/www.bau-styl.hu\/epitoanyag\/wp-json\/wp\/v2\/types\/product"}],"wp:featuredmedia":[{"embeddable":true,"href":"https:\/\/www.bau-styl.hu\/epitoanyag\/wp-json\/wp\/v2\/media\/41627"}],"wp:attachment":[{"href":"https:\/\/www.bau-styl.hu\/epitoanyag\/wp-json\/wp\/v2\/media?parent=41702"}],"wp:term":[{"taxonomy":"product_brand","embeddable":true,"href":"https:\/\/www.bau-styl.hu\/epitoanyag\/wp-json\/wp\/v2\/product_brand?post=41702"},{"taxonomy":"product_cat","embeddable":true,"href":"https:\/\/www.bau-styl.hu\/epitoanyag\/wp-json\/wp\/v2\/product_cat?post=41702"},{"taxonomy":"product_tag","embeddable":true,"href":"https:\/\/www.bau-styl.hu\/epitoanyag\/wp-json\/wp\/v2\/product_tag?post=41702"}],"curies":[{"name":"wp","href":"https:\/\/api.w.org\/{rel}","templated":true}]}}