{"id":41821,"date":"1970-01-01T00:00:00","date_gmt":"1969-12-31T22:00:00","guid":{"rendered":"https:\/\/www.bau-styl.hu\/epitoanyag\/?post_type=product&#038;p=41821"},"modified":"2026-03-16T10:32:51","modified_gmt":"2026-03-16T08:32:51","slug":"hansgrohe-ecostat-e-termosztat-szinkeszlet-falsik-alatti-szereleshez-2-fogyasztohoz-krom","status":"publish","type":"product","link":"https:\/\/www.bau-styl.hu\/epitoanyag\/termek\/hansgrohe-ecostat-e-termosztat-szinkeszlet-falsik-alatti-szereleshez-2-fogyasztohoz-krom\/","title":{"rendered":"Hansgrohe Ecostat E Termoszt\u00e1t sz\u00ednk\u00e9szlet fals\u00edk alatti szerel\u00e9shez, 2 fogyaszt\u00f3hoz, kr\u00f3m"},"content":{"rendered":"","protected":false},"excerpt":{"rendered":"","protected":false},"featured_media":41794,"template":"","meta":[],"product_brand":[10516],"product_cat":[10805],"product_tag":[],"class_list":{"0":"post-41821","1":"product","2":"type-product","3":"status-publish","4":"has-post-thumbnail","6":"product_brand-hansgrohe","7":"product_cat-csaptelep","9":"first","10":"instock","11":"sale","12":"taxable","13":"shipping-taxable","14":"purchasable","15":"product-type-simple"},"aioseo_notices":[],"_links":{"self":[{"href":"https:\/\/www.bau-styl.hu\/epitoanyag\/wp-json\/wp\/v2\/product\/41821","targetHints":{"allow":["GET"]}}],"collection":[{"href":"https:\/\/www.bau-styl.hu\/epitoanyag\/wp-json\/wp\/v2\/product"}],"about":[{"href":"https:\/\/www.bau-styl.hu\/epitoanyag\/wp-json\/wp\/v2\/types\/product"}],"wp:featuredmedia":[{"embeddable":true,"href":"https:\/\/www.bau-styl.hu\/epitoanyag\/wp-json\/wp\/v2\/media\/41794"}],"wp:attachment":[{"href":"https:\/\/www.bau-styl.hu\/epitoanyag\/wp-json\/wp\/v2\/media?parent=41821"}],"wp:term":[{"taxonomy":"product_brand","embeddable":true,"href":"https:\/\/www.bau-styl.hu\/epitoanyag\/wp-json\/wp\/v2\/product_brand?post=41821"},{"taxonomy":"product_cat","embeddable":true,"href":"https:\/\/www.bau-styl.hu\/epitoanyag\/wp-json\/wp\/v2\/product_cat?post=41821"},{"taxonomy":"product_tag","embeddable":true,"href":"https:\/\/www.bau-styl.hu\/epitoanyag\/wp-json\/wp\/v2\/product_tag?post=41821"}],"curies":[{"name":"wp","href":"https:\/\/api.w.org\/{rel}","templated":true}]}}