{"id":41841,"date":"1970-01-01T00:00:00","date_gmt":"1969-12-31T22:00:00","guid":{"rendered":"https:\/\/www.bau-styl.hu\/epitoanyag\/?post_type=product&#038;p=41841"},"modified":"2026-03-16T10:32:52","modified_gmt":"2026-03-16T08:32:52","slug":"hansgrohe-metris-mosdocsaptelep-260-egykaros-mosdotalakhoz-automata-lefolyo-garnituraval-krom","status":"publish","type":"product","link":"https:\/\/www.bau-styl.hu\/epitoanyag\/termek\/hansgrohe-metris-mosdocsaptelep-260-egykaros-mosdotalakhoz-automata-lefolyo-garnituraval-krom\/","title":{"rendered":"Hansgrohe Metris Mosd\u00f3csaptelep 260 egykaros, mosd\u00f3t\u00e1lakhoz, automata lefoly\u00f3-garnit\u00far\u00e1val, kr\u00f3m"},"content":{"rendered":"","protected":false},"excerpt":{"rendered":"","protected":false},"featured_media":41779,"template":"","meta":[],"product_brand":[10516],"product_cat":[10805],"product_tag":[],"class_list":{"0":"post-41841","1":"product","2":"type-product","3":"status-publish","4":"has-post-thumbnail","6":"product_brand-hansgrohe","7":"product_cat-csaptelep","9":"first","10":"instock","11":"sale","12":"taxable","13":"shipping-taxable","14":"purchasable","15":"product-type-simple"},"aioseo_notices":[],"_links":{"self":[{"href":"https:\/\/www.bau-styl.hu\/epitoanyag\/wp-json\/wp\/v2\/product\/41841","targetHints":{"allow":["GET"]}}],"collection":[{"href":"https:\/\/www.bau-styl.hu\/epitoanyag\/wp-json\/wp\/v2\/product"}],"about":[{"href":"https:\/\/www.bau-styl.hu\/epitoanyag\/wp-json\/wp\/v2\/types\/product"}],"wp:featuredmedia":[{"embeddable":true,"href":"https:\/\/www.bau-styl.hu\/epitoanyag\/wp-json\/wp\/v2\/media\/41779"}],"wp:attachment":[{"href":"https:\/\/www.bau-styl.hu\/epitoanyag\/wp-json\/wp\/v2\/media?parent=41841"}],"wp:term":[{"taxonomy":"product_brand","embeddable":true,"href":"https:\/\/www.bau-styl.hu\/epitoanyag\/wp-json\/wp\/v2\/product_brand?post=41841"},{"taxonomy":"product_cat","embeddable":true,"href":"https:\/\/www.bau-styl.hu\/epitoanyag\/wp-json\/wp\/v2\/product_cat?post=41841"},{"taxonomy":"product_tag","embeddable":true,"href":"https:\/\/www.bau-styl.hu\/epitoanyag\/wp-json\/wp\/v2\/product_tag?post=41841"}],"curies":[{"name":"wp","href":"https:\/\/api.w.org\/{rel}","templated":true}]}}