{"id":42031,"date":"2024-09-16T09:18:19","date_gmt":"2024-09-16T07:18:19","guid":{"rendered":"https:\/\/www.bau-styl.hu\/epitoanyag\/?post_type=product&#038;p=42031"},"modified":"2024-09-16T09:33:01","modified_gmt":"2024-09-16T07:33:01","slug":"stalco-furokalapacs-rh40vs-1350w-sds-max-stalco-perfect","status":"publish","type":"product","link":"https:\/\/www.bau-styl.hu\/epitoanyag\/termek\/stalco-furokalapacs-rh40vs-1350w-sds-max-stalco-perfect\/","title":{"rendered":"STALCO F\u00far\u00f3kalap\u00e1cs RH40VS, 1350W, SDS-MAX, STALCO PERFECT"},"content":{"rendered":"","protected":false},"excerpt":{"rendered":"","protected":false},"featured_media":42042,"template":"","meta":[],"product_brand":[],"product_cat":[8550],"product_tag":[],"class_list":{"0":"post-42031","1":"product","2":"type-product","3":"status-publish","4":"has-post-thumbnail","6":"product_cat-kisgepek","8":"first","9":"instock","10":"taxable","11":"shipping-taxable","12":"purchasable","13":"product-type-simple"},"aioseo_notices":[],"_links":{"self":[{"href":"https:\/\/www.bau-styl.hu\/epitoanyag\/wp-json\/wp\/v2\/product\/42031","targetHints":{"allow":["GET"]}}],"collection":[{"href":"https:\/\/www.bau-styl.hu\/epitoanyag\/wp-json\/wp\/v2\/product"}],"about":[{"href":"https:\/\/www.bau-styl.hu\/epitoanyag\/wp-json\/wp\/v2\/types\/product"}],"wp:featuredmedia":[{"embeddable":true,"href":"https:\/\/www.bau-styl.hu\/epitoanyag\/wp-json\/wp\/v2\/media\/42042"}],"wp:attachment":[{"href":"https:\/\/www.bau-styl.hu\/epitoanyag\/wp-json\/wp\/v2\/media?parent=42031"}],"wp:term":[{"taxonomy":"product_brand","embeddable":true,"href":"https:\/\/www.bau-styl.hu\/epitoanyag\/wp-json\/wp\/v2\/product_brand?post=42031"},{"taxonomy":"product_cat","embeddable":true,"href":"https:\/\/www.bau-styl.hu\/epitoanyag\/wp-json\/wp\/v2\/product_cat?post=42031"},{"taxonomy":"product_tag","embeddable":true,"href":"https:\/\/www.bau-styl.hu\/epitoanyag\/wp-json\/wp\/v2\/product_tag?post=42031"}],"curies":[{"name":"wp","href":"https:\/\/api.w.org\/{rel}","templated":true}]}}