{"id":42474,"date":"2025-04-08T14:43:34","date_gmt":"2025-04-08T12:43:34","guid":{"rendered":"https:\/\/www.bau-styl.hu\/epitoanyag\/?post_type=product&#038;p=42474"},"modified":"2025-12-04T09:41:03","modified_gmt":"2025-12-04T07:41:03","slug":"terran-danubia-alapcserep-sotetszurke-colorsystem","status":"publish","type":"product","link":"https:\/\/www.bau-styl.hu\/epitoanyag\/termek\/terran-danubia-alapcserep-sotetszurke-colorsystem\/","title":{"rendered":"Terr\u00e1n Danubia alapcser\u00e9p s\u00f6t\u00e9tsz\u00fcrke colorsystem"},"content":{"rendered":"","protected":false},"excerpt":{"rendered":"<p>A Danubia Klasszikus, hull\u00e1mos formavil\u00e1ga eleg\u00e1ns megjelen\u00e9st biztos\u00edt, amely t\u00f6k\u00e9letesen illeszkedik a legt\u00f6bb otthon st\u00edlus\u00e1hoz. Modern, m\u00e9gis id\u0151t\u00e1ll\u00f3 hat\u00e1st kelt, m\u00edg kedvez\u0151 t\u00f6mege \u00e9s tart\u00f3s fel\u00fcletkezel\u00e9se ide\u00e1liss\u00e1 teszi fel\u00faj\u00edt\u00e1shoz \u00e9s \u00faj \u00e9p\u00edt\u00e9shez egyar\u00e1nt.<br \/>\nA ColorSystem speci\u00e1lis fel\u00fcletkezel\u00e9si elj\u00e1r\u00e1s biztos\u00edtja a cserepek eddigiekn\u00e9l hosszabb sz\u00edntart\u00f3ss\u00e1g\u00e1t. Az alapcser\u00e9p mell\u00e9 opcion\u00e1lis term\u00e9kek, idomcserepek (szell\u0151z\u0151cser\u00e9p, f\u00e9lcser\u00e9p, szeg\u00e9lycser\u00e9p, k\u00fapcser\u00e9p, eloszt\u00f3 k\u00fapcser\u00e9p, kezd\u0151 k\u00fapcser\u00e9p) k\u00f6z\u00fcl v\u00e1laszthat, amelyek \u00e1rair\u00f3l az aj\u00e1nlatk\u00e9r\u00e9s lead\u00e1s\u00e1t k\u00f6vet\u0151en munkat\u00e1rsunk emailben t\u00e1j\u00e9koztatja \u00d6nt.<\/p>\n","protected":false},"featured_media":42475,"template":"","meta":[],"product_brand":[],"product_cat":[355,6654,6662],"product_tag":[],"class_list":{"0":"post-42474","1":"product","2":"type-product","3":"status-publish","4":"has-post-thumbnail","6":"product_cat-tetofedes","7":"product_cat-beton-cserep","8":"product_cat-terran-beton-alapcserep","10":"first","11":"instock","12":"taxable","13":"shipping-taxable","14":"purchasable","15":"product-type-simple"},"aioseo_notices":[],"_links":{"self":[{"href":"https:\/\/www.bau-styl.hu\/epitoanyag\/wp-json\/wp\/v2\/product\/42474","targetHints":{"allow":["GET"]}}],"collection":[{"href":"https:\/\/www.bau-styl.hu\/epitoanyag\/wp-json\/wp\/v2\/product"}],"about":[{"href":"https:\/\/www.bau-styl.hu\/epitoanyag\/wp-json\/wp\/v2\/types\/product"}],"wp:featuredmedia":[{"embeddable":true,"href":"https:\/\/www.bau-styl.hu\/epitoanyag\/wp-json\/wp\/v2\/media\/42475"}],"wp:attachment":[{"href":"https:\/\/www.bau-styl.hu\/epitoanyag\/wp-json\/wp\/v2\/media?parent=42474"}],"wp:term":[{"taxonomy":"product_brand","embeddable":true,"href":"https:\/\/www.bau-styl.hu\/epitoanyag\/wp-json\/wp\/v2\/product_brand?post=42474"},{"taxonomy":"product_cat","embeddable":true,"href":"https:\/\/www.bau-styl.hu\/epitoanyag\/wp-json\/wp\/v2\/product_cat?post=42474"},{"taxonomy":"product_tag","embeddable":true,"href":"https:\/\/www.bau-styl.hu\/epitoanyag\/wp-json\/wp\/v2\/product_tag?post=42474"}],"curies":[{"name":"wp","href":"https:\/\/api.w.org\/{rel}","templated":true}]}}