{"id":4275,"date":"2019-10-24T15:26:38","date_gmt":"2019-10-24T15:26:38","guid":{"rendered":"https:\/\/www.bau-styl.hu\/epitoanyag\/termek\/tondach-gerinclectarto-allithato-magassaggal-30x250-330-mm\/"},"modified":"2025-10-22T09:48:15","modified_gmt":"2025-10-22T07:48:15","slug":"tondach-gerinclectarto-allithato-magassaggal-30x250-330-mm","status":"publish","type":"product","link":"https:\/\/www.bau-styl.hu\/epitoanyag\/termek\/tondach-gerinclectarto-allithato-magassaggal-30x250-330-mm\/","title":{"rendered":"Tondach Gerincl\u00e9ctart\u00f3 \u00e1ll\u00edthat\u00f3 magass\u00e1ggal 30&#215;250\/330 mm"},"content":{"rendered":"","protected":false},"excerpt":{"rendered":"<p>A gerincl\u00e9ctart\u00f3 szeg a tar\u00e9jn\u00e1l \u00e9s az \u00e9lgerincn\u00e9l a gerincl\u00e9c tart\u00e1s\u00e1ra szolg\u00e1l\u00f3 f\u00e9melem. Az ellenl\u00e9chez szegezve kell\u0151 biztons\u00e1ggal t\u00e1masztja al\u00e1 a gerincl\u00e9cet, amelyet oldalank\u00e9nt egy-egy ponton lehet hozz\u00e1 r\u00f6gz\u00edteni.<\/p>\n","protected":false},"featured_media":34937,"template":"","meta":[],"product_brand":[],"product_cat":[355,445,447,434],"product_tag":[6602],"class_list":{"0":"post-4275","1":"product","2":"type-product","3":"status-publish","4":"has-post-thumbnail","6":"product_cat-tetofedes","7":"product_cat-tetotartozek","8":"product_cat-fem-es-muanyag-kiegeszito","9":"product_cat-tondach-fem-es-muanyag-kiegeszito","10":"product_tag-tondach","12":"first","13":"instock","14":"taxable","15":"shipping-taxable","16":"purchasable","17":"product-type-simple"},"aioseo_notices":[],"_links":{"self":[{"href":"https:\/\/www.bau-styl.hu\/epitoanyag\/wp-json\/wp\/v2\/product\/4275","targetHints":{"allow":["GET"]}}],"collection":[{"href":"https:\/\/www.bau-styl.hu\/epitoanyag\/wp-json\/wp\/v2\/product"}],"about":[{"href":"https:\/\/www.bau-styl.hu\/epitoanyag\/wp-json\/wp\/v2\/types\/product"}],"wp:featuredmedia":[{"embeddable":true,"href":"https:\/\/www.bau-styl.hu\/epitoanyag\/wp-json\/wp\/v2\/media\/34937"}],"wp:attachment":[{"href":"https:\/\/www.bau-styl.hu\/epitoanyag\/wp-json\/wp\/v2\/media?parent=4275"}],"wp:term":[{"taxonomy":"product_brand","embeddable":true,"href":"https:\/\/www.bau-styl.hu\/epitoanyag\/wp-json\/wp\/v2\/product_brand?post=4275"},{"taxonomy":"product_cat","embeddable":true,"href":"https:\/\/www.bau-styl.hu\/epitoanyag\/wp-json\/wp\/v2\/product_cat?post=4275"},{"taxonomy":"product_tag","embeddable":true,"href":"https:\/\/www.bau-styl.hu\/epitoanyag\/wp-json\/wp\/v2\/product_tag?post=4275"}],"curies":[{"name":"wp","href":"https:\/\/api.w.org\/{rel}","templated":true}]}}