{"id":42785,"date":"2025-05-08T08:53:42","date_gmt":"2025-05-08T06:53:42","guid":{"rendered":"https:\/\/www.bau-styl.hu\/epitoanyag\/?post_type=product&#038;p=42785"},"modified":"2026-04-20T12:11:50","modified_gmt":"2026-04-20T10:11:50","slug":"creaton-harmonie-alapcserep-nuance-toskana-engobozott","status":"publish","type":"product","link":"https:\/\/www.bau-styl.hu\/epitoanyag\/termek\/creaton-harmonie-alapcserep-nuance-toskana-engobozott\/","title":{"rendered":"Creaton Harmonie Alapcser\u00e9p Nuance toskana eng\u00f3bozott"},"content":{"rendered":"","protected":false},"excerpt":{"rendered":"<p>A\u00a0HARMONIE-val egy kiv\u00e9telesen rugalmas klasszikus j\u00f6tt l\u00e9tre k\u00fcl\u00f6nleges el\u0151ny\u00f6kkel: m\u00e9rf\u00f6ldk\u0151nek sz\u00e1m\u00edt fed\u00e9si hossz eset\u00e9ben a 25 mm-el megn\u00f6velt j\u00e1t\u00e9kt\u00e9r, az \u00e1tfed\u0151 fej-hornyol\u00e1s, amely kik\u00fcsz\u00f6b\u00f6li a szennyez\u0151d\u00e9sek lerak\u00f3d\u00e1s\u00e1t \u00e9s az egyed\u00fcl\u00e1ll\u00f3 eltolhat\u00f3s\u00e1g, amely sz\u00e9p, h\u00e9zagmentes fed\u00e9si k\u00e9pet eredm\u00e9nyez. Ezzel m\u00e9ret\u00e9hez k\u00e9pest a legrugalmasabb kism\u00e9ret\u0171 sajtolt cser\u00e9p, ez\u00e1ltal sokoldal\u00fa \u00e9s minden tet\u0151h\u00f6z alkalmazhat\u00f3. \u00c1tl\u00f3s, hajl\u00edtott, \u00edves, r\u00f6vid vagy hossz\u00fa &#8211; a HARMONIE a legjobb, legbiztons\u00e1gosabb \u00e9s legrugalmasabb v\u00e1laszt\u00e1s arra az esetre, ha az eszt\u00e9tikus megjelen\u00e9s mellett csek\u00e9ly darabs\u00falyra, k\u00f6nny\u0171 felhaszn\u00e1l\u00e1sra \u00e9s gazdas\u00e1goss\u00e1gra v\u00e1gyunk.   Az alapcser\u00e9p mell\u00e9 opcion\u00e1lis term\u00e9kek, idomcserepek (szell\u0151z\u0151cser\u00e9p, hornyolt gerinccser\u00e9p, sajtolt gerinccser\u00e9p, hornyolt kezd\u0151 gerinccser\u00e9p, sajtolt kezd\u0151 gerinccser\u00e9p, hornyolt h\u00e1rmas gerinceloszt\u00f3 elem, sajtolt XXL gerinccser\u00e9p, sajtolt h\u00e1rmas gerinceloszt\u00f3 elem, szeg\u00e9lycser\u00e9p) k\u00f6z\u00fcl v\u00e1laszthat, amelyek \u00e1rair\u00f3l az aj\u00e1nlatk\u00e9r\u00e9s lead\u00e1s\u00e1t k\u00f6vet\u0151en munkat\u00e1rsunk emailben t\u00e1j\u00e9koztatja \u00d6nt. <\/p>\n","protected":false},"featured_media":42709,"template":"","meta":[],"product_brand":[11272],"product_cat":[355,6656],"product_tag":[],"class_list":{"0":"post-42785","1":"product","2":"type-product","3":"status-publish","4":"has-post-thumbnail","6":"product_brand-creaton","7":"product_cat-tetofedes","8":"product_cat-keramia-cserep","10":"first","11":"instock","12":"taxable","13":"shipping-taxable","14":"purchasable","15":"product-type-simple"},"aioseo_notices":[],"_links":{"self":[{"href":"https:\/\/www.bau-styl.hu\/epitoanyag\/wp-json\/wp\/v2\/product\/42785","targetHints":{"allow":["GET"]}}],"collection":[{"href":"https:\/\/www.bau-styl.hu\/epitoanyag\/wp-json\/wp\/v2\/product"}],"about":[{"href":"https:\/\/www.bau-styl.hu\/epitoanyag\/wp-json\/wp\/v2\/types\/product"}],"wp:featuredmedia":[{"embeddable":true,"href":"https:\/\/www.bau-styl.hu\/epitoanyag\/wp-json\/wp\/v2\/media\/42709"}],"wp:attachment":[{"href":"https:\/\/www.bau-styl.hu\/epitoanyag\/wp-json\/wp\/v2\/media?parent=42785"}],"wp:term":[{"taxonomy":"product_brand","embeddable":true,"href":"https:\/\/www.bau-styl.hu\/epitoanyag\/wp-json\/wp\/v2\/product_brand?post=42785"},{"taxonomy":"product_cat","embeddable":true,"href":"https:\/\/www.bau-styl.hu\/epitoanyag\/wp-json\/wp\/v2\/product_cat?post=42785"},{"taxonomy":"product_tag","embeddable":true,"href":"https:\/\/www.bau-styl.hu\/epitoanyag\/wp-json\/wp\/v2\/product_tag?post=42785"}],"curies":[{"name":"wp","href":"https:\/\/api.w.org\/{rel}","templated":true}]}}