{"id":42786,"date":"2025-05-08T08:53:38","date_gmt":"2025-05-08T06:53:38","guid":{"rendered":"https:\/\/www.bau-styl.hu\/epitoanyag\/?post_type=product&#038;p=42786"},"modified":"2026-04-20T12:11:50","modified_gmt":"2026-04-20T10:11:50","slug":"creaton-simpla-alapcserep-nuance-fekete-matt-engobozott","status":"publish","type":"product","link":"https:\/\/www.bau-styl.hu\/epitoanyag\/termek\/creaton-simpla-alapcserep-nuance-fekete-matt-engobozott\/","title":{"rendered":"Creaton Simpla Alapcser\u00e9p Nuance fekete matt eng\u00f3bozott"},"content":{"rendered":"","protected":false},"excerpt":{"rendered":"<p>A SIMPLA a nagy form\u00e1tum\u00fa ker\u00e1miacserepek k\u00f6z\u00f6tt is egyed\u00fcl\u00e1ll\u00f3 design-nal \u00e9s a k\u00f6vetkez\u0151 gener\u00e1ci\u00f3s ker\u00e1mia cserepek legjobb teljes\u00edtm\u00e9ny\u00e9vel rendelkezik.<br \/>\nS\u00edk form\u00e1ja, rendk\u00edv\u00fcl sima fel\u00fclete \u00e9rdekes megold\u00e1s a modern, minimalista st\u00edlus\u00fa \u00e9p\u00edt\u00e9szet sz\u00e1m\u00e1ra. A kifejlesztett gy\u00e1rt\u00e1si technol\u00f3gia r\u00e9v\u00e9n tart\u00f3s, stabil,  igaz\u00e1n min\u0151s\u00e9gi ker\u00e1miacser\u00e9p sz\u00fcletett.   Az alapcser\u00e9p mell\u00e9 opcion\u00e1lis term\u00e9kek, idomcserepek (szell\u0151z\u0151cser\u00e9p, hornyolt gerinccser\u00e9p, sajtolt gerinccser\u00e9p, hornyolt kezd\u0151 gerinccser\u00e9p, sajtolt kezd\u0151 gerinccser\u00e9p, hornyolt h\u00e1rmas gerinceloszt\u00f3 elem, sajtolt XXL gerinccser\u00e9p, sajtolt h\u00e1rmas gerinceloszt\u00f3 elem, szeg\u00e9lycser\u00e9p) k\u00f6z\u00fcl v\u00e1laszthat, amelyek \u00e1rair\u00f3l az aj\u00e1nlatk\u00e9r\u00e9s lead\u00e1s\u00e1t k\u00f6vet\u0151en munkat\u00e1rsunk emailben t\u00e1j\u00e9koztatja \u00d6nt.<\/p>\n","protected":false},"featured_media":42734,"template":"","meta":[],"product_brand":[11272],"product_cat":[355,6656],"product_tag":[],"class_list":{"0":"post-42786","1":"product","2":"type-product","3":"status-publish","4":"has-post-thumbnail","6":"product_brand-creaton","7":"product_cat-tetofedes","8":"product_cat-keramia-cserep","10":"first","11":"instock","12":"taxable","13":"shipping-taxable","14":"purchasable","15":"product-type-simple"},"aioseo_notices":[],"_links":{"self":[{"href":"https:\/\/www.bau-styl.hu\/epitoanyag\/wp-json\/wp\/v2\/product\/42786","targetHints":{"allow":["GET"]}}],"collection":[{"href":"https:\/\/www.bau-styl.hu\/epitoanyag\/wp-json\/wp\/v2\/product"}],"about":[{"href":"https:\/\/www.bau-styl.hu\/epitoanyag\/wp-json\/wp\/v2\/types\/product"}],"wp:featuredmedia":[{"embeddable":true,"href":"https:\/\/www.bau-styl.hu\/epitoanyag\/wp-json\/wp\/v2\/media\/42734"}],"wp:attachment":[{"href":"https:\/\/www.bau-styl.hu\/epitoanyag\/wp-json\/wp\/v2\/media?parent=42786"}],"wp:term":[{"taxonomy":"product_brand","embeddable":true,"href":"https:\/\/www.bau-styl.hu\/epitoanyag\/wp-json\/wp\/v2\/product_brand?post=42786"},{"taxonomy":"product_cat","embeddable":true,"href":"https:\/\/www.bau-styl.hu\/epitoanyag\/wp-json\/wp\/v2\/product_cat?post=42786"},{"taxonomy":"product_tag","embeddable":true,"href":"https:\/\/www.bau-styl.hu\/epitoanyag\/wp-json\/wp\/v2\/product_tag?post=42786"}],"curies":[{"name":"wp","href":"https:\/\/api.w.org\/{rel}","templated":true}]}}