{"id":42791,"date":"2025-05-08T08:52:59","date_gmt":"2025-05-08T06:52:59","guid":{"rendered":"https:\/\/www.bau-styl.hu\/epitoanyag\/?post_type=product&#038;p=42791"},"modified":"2025-10-21T12:44:00","modified_gmt":"2025-10-21T10:44:00","slug":"creaton-rustico-alapcserep-nuance-rezvoros-engobozott","status":"publish","type":"product","link":"https:\/\/www.bau-styl.hu\/epitoanyag\/termek\/creaton-rustico-alapcserep-nuance-rezvoros-engobozott\/","title":{"rendered":"Creaton Rustico Alapcser\u00e9p Nuance r\u00e9zv\u00f6r\u00f6s eng\u00f3bozott"},"content":{"rendered":"","protected":false},"excerpt":{"rendered":"<p>A rusztikus form\u00e1knak k\u00fcl\u00f6nleges b\u00e1ja van. T\u00f6bb mint 100 \u00e9ve ismert \u00e9s vil\u00e1gszerte elterjedt a Z1 sajtolt cser\u00e9p. Ennek a &#8220;legend\u00e1nak&#8221; a rusztikus charme-ja m\u00e9g mindig k\u00f6zkedvelt. \u00cdgy ez a cser\u00e9pforma napjainkban kor\u00e1bban nem tapasztalt renesz\u00e1nsz\u00e1t \u00e9li. Tipikus jellemz\u0151je a k\u00e9t szimmetrikus borda. Ez a kett\u0151s borda k\u00fcl\u00f6n\u00f6sen j\u00f3 v\u00edzelvezet\u00e9st biztos\u00edt. A nagyvonal\u00fa fej-j\u00e1t\u00e9k egyszer\u0171 \u00e9s gyors be\u00e9p\u00edt\u00e9st tesz lehet\u0151v\u00e9 &#8211; m\u00e9g v\u00e1g\u00e1s n\u00e9lk\u00fcl is -, megfelel\u0151 rugalmass\u00e1got biztos\u00edtva az eszt\u00e9tikus tet\u0151kialak\u00edt\u00e1shoz. Kiegyens\u00falyozott hornyol\u00e1sa vonz\u00f3 ar\u00e1nyokat teremt. A finom tagol\u00e1s kisebb tet\u0151kn\u00e9l is rendk\u00edv\u00fcl kellemes fel\u00fcleti hat\u00e1st tesz lehet\u0151v\u00e9.   Az alapcser\u00e9p mell\u00e9 opcion\u00e1lis term\u00e9kek, idomcserepek (szell\u0151z\u0151cser\u00e9p, hornyolt gerinccser\u00e9p, sajtolt gerinccser\u00e9p, hornyolt kezd\u0151 gerinccser\u00e9p, sajtolt kezd\u0151 gerinccser\u00e9p, hornyolt h\u00e1rmas gerinceloszt\u00f3 elem, sajtolt XXL gerinccser\u00e9p, sajtolt h\u00e1rmas gerinceloszt\u00f3 elem, szeg\u00e9lycser\u00e9p) k\u00f6z\u00fcl v\u00e1laszthat, amelyek \u00e1rair\u00f3l az aj\u00e1nlatk\u00e9r\u00e9s lead\u00e1s\u00e1t k\u00f6vet\u0151en munkat\u00e1rsunk emailben t\u00e1j\u00e9koztatja \u00d6nt. \u00a0<\/p>\n","protected":false},"featured_media":42723,"template":"","meta":[],"product_brand":[],"product_cat":[355,6656,6668],"product_tag":[],"class_list":{"0":"post-42791","1":"product","2":"type-product","3":"status-publish","4":"has-post-thumbnail","6":"product_cat-tetofedes","7":"product_cat-keramia-cserep","8":"product_cat-creaton-keramia-alapcserep","10":"first","11":"instock","12":"taxable","13":"shipping-taxable","14":"purchasable","15":"product-type-simple"},"aioseo_notices":[],"_links":{"self":[{"href":"https:\/\/www.bau-styl.hu\/epitoanyag\/wp-json\/wp\/v2\/product\/42791","targetHints":{"allow":["GET"]}}],"collection":[{"href":"https:\/\/www.bau-styl.hu\/epitoanyag\/wp-json\/wp\/v2\/product"}],"about":[{"href":"https:\/\/www.bau-styl.hu\/epitoanyag\/wp-json\/wp\/v2\/types\/product"}],"wp:featuredmedia":[{"embeddable":true,"href":"https:\/\/www.bau-styl.hu\/epitoanyag\/wp-json\/wp\/v2\/media\/42723"}],"wp:attachment":[{"href":"https:\/\/www.bau-styl.hu\/epitoanyag\/wp-json\/wp\/v2\/media?parent=42791"}],"wp:term":[{"taxonomy":"product_brand","embeddable":true,"href":"https:\/\/www.bau-styl.hu\/epitoanyag\/wp-json\/wp\/v2\/product_brand?post=42791"},{"taxonomy":"product_cat","embeddable":true,"href":"https:\/\/www.bau-styl.hu\/epitoanyag\/wp-json\/wp\/v2\/product_cat?post=42791"},{"taxonomy":"product_tag","embeddable":true,"href":"https:\/\/www.bau-styl.hu\/epitoanyag\/wp-json\/wp\/v2\/product_tag?post=42791"}],"curies":[{"name":"wp","href":"https:\/\/api.w.org\/{rel}","templated":true}]}}