{"id":42795,"date":"2025-05-08T08:53:10","date_gmt":"2025-05-08T06:53:10","guid":{"rendered":"https:\/\/www.bau-styl.hu\/epitoanyag\/?post_type=product&#038;p=42795"},"modified":"2025-10-21T12:45:23","modified_gmt":"2025-10-21T10:45:23","slug":"creaton-cantus-alapcserep-nuance-rezvoros-engobozott","status":"publish","type":"product","link":"https:\/\/www.bau-styl.hu\/epitoanyag\/termek\/creaton-cantus-alapcserep-nuance-rezvoros-engobozott\/","title":{"rendered":"Creaton Cantus Alapcser\u00e9p Nuance r\u00e9zv\u00f6r\u00f6s eng\u00f3bozott"},"content":{"rendered":"","protected":false},"excerpt":{"rendered":"<p>A KERALIS min\u0151s\u00e9g\u0171\u00a0CANTUS\u00a0reformcser\u00e9p nem csak korszer\u0171, egyenes vonalaival, hanem nemes fel\u00fclet\u00e9vel \u00e9s homog\u00e9n strukt\u00far\u00e1j\u00e1val is kit\u0171nik. A CREATON a legfinomabb nyersanyagok haszn\u00e1lat\u00e1val \u00e9s innovat\u00edv gy\u00e1rt\u00e1stechnol\u00f3gi\u00e1j\u00e1val \u00e9ri el ezt a megjelen\u00e9st. A\u00a0CANTUS\u00a0gy\u00e1rt\u00e1sa sor\u00e1n a tiszta, kit\u0171n\u0151 min\u0151s\u00e9g\u0171 agyag finomra \u0151rl\u00e9s\u00e9vel finom ker\u00e1mia massza keletkezik. A sz\u00ednezett anyagot magas h\u0151fokon, 1100\u00b0C-on \u00e9getik ki. A finom p\u00f3rusoknak k\u00f6sz\u00f6nhet\u0151en a\u00a0CANTUS\u00a0nagyon ellen\u00e1ll\u00f3 a k\u00e1ros anyagokkal \u00e9s k\u00f6rnyezeti hat\u00e1sokkal szemben. Az \u00edgy k\u00e9sz\u00fcl\u0151 cser\u00e9p az els\u0151 oszt\u00e1ly\u00fa min\u0151s\u00e9g, hossz\u00fa \u00e9lettartam, a gazdas\u00e1goss\u00e1g \u00e9s a megnyer\u0151 design \u00f6tv\u00f6zete. Az alapcser\u00e9p mell\u00e9 opcion\u00e1lis term\u00e9kek, idomcserepek (szell\u0151z\u0151cser\u00e9p, hornyolt gerinccser\u00e9p, sajtolt gerinccser\u00e9p, hornyolt kezd\u0151 gerinccser\u00e9p, sajtolt kezd\u0151 gerinccser\u00e9p, hornyolt h\u00e1rmas gerinceloszt\u00f3 elem, sajtolt XXL gerinccser\u00e9p, sajtolt h\u00e1rmas gerinceloszt\u00f3 elem, szeg\u00e9lycser\u00e9p) k\u00f6z\u00fcl v\u00e1laszthat, amelyek \u00e1rair\u00f3l az aj\u00e1nlatk\u00e9r\u00e9s lead\u00e1s\u00e1t k\u00f6vet\u0151en munkat\u00e1rsunk emailben t\u00e1j\u00e9koztatja \u00d6nt. \u00a0<\/p>\n","protected":false},"featured_media":42696,"template":"","meta":[],"product_brand":[],"product_cat":[355,6656,6668],"product_tag":[],"class_list":{"0":"post-42795","1":"product","2":"type-product","3":"status-publish","4":"has-post-thumbnail","6":"product_cat-tetofedes","7":"product_cat-keramia-cserep","8":"product_cat-creaton-keramia-alapcserep","10":"first","11":"instock","12":"taxable","13":"shipping-taxable","14":"purchasable","15":"product-type-simple"},"aioseo_notices":[],"_links":{"self":[{"href":"https:\/\/www.bau-styl.hu\/epitoanyag\/wp-json\/wp\/v2\/product\/42795","targetHints":{"allow":["GET"]}}],"collection":[{"href":"https:\/\/www.bau-styl.hu\/epitoanyag\/wp-json\/wp\/v2\/product"}],"about":[{"href":"https:\/\/www.bau-styl.hu\/epitoanyag\/wp-json\/wp\/v2\/types\/product"}],"wp:featuredmedia":[{"embeddable":true,"href":"https:\/\/www.bau-styl.hu\/epitoanyag\/wp-json\/wp\/v2\/media\/42696"}],"wp:attachment":[{"href":"https:\/\/www.bau-styl.hu\/epitoanyag\/wp-json\/wp\/v2\/media?parent=42795"}],"wp:term":[{"taxonomy":"product_brand","embeddable":true,"href":"https:\/\/www.bau-styl.hu\/epitoanyag\/wp-json\/wp\/v2\/product_brand?post=42795"},{"taxonomy":"product_cat","embeddable":true,"href":"https:\/\/www.bau-styl.hu\/epitoanyag\/wp-json\/wp\/v2\/product_cat?post=42795"},{"taxonomy":"product_tag","embeddable":true,"href":"https:\/\/www.bau-styl.hu\/epitoanyag\/wp-json\/wp\/v2\/product_tag?post=42795"}],"curies":[{"name":"wp","href":"https:\/\/api.w.org\/{rel}","templated":true}]}}