{"id":4284,"date":"2019-10-24T17:26:45","date_gmt":"2019-10-24T15:26:45","guid":{"rendered":"https:\/\/www.bau-styl.hu\/epitoanyag\/termek\/tondach-hodfarku-ivesvagasu-alapcserep-18x38-cm-fusion-protect-piros\/"},"modified":"2026-01-12T14:49:10","modified_gmt":"2026-01-12T12:49:10","slug":"tondach-hodfarku-ivesvagasu-alapcserep-18x38-cm-fusion-protect-piros","status":"publish","type":"product","link":"https:\/\/www.bau-styl.hu\/epitoanyag\/termek\/tondach-hodfarku-ivesvagasu-alapcserep-18x38-cm-fusion-protect-piros\/","title":{"rendered":"Tondach H\u00f3dfark\u00fa \u00cdvesv\u00e1g\u00e1s\u00fa Alapcser\u00e9p 18&#215;38 cm Fusion Protect piros"},"content":{"rendered":"","protected":false},"excerpt":{"rendered":"<p>A H\u00d3DFARK\u00da ker\u00e1mia tet\u0151cser\u00e9p kiv\u00e1l\u00f3an alkalmas \u00edvek, hajlatok (v\u00e1pa, \u00e9lgerinc, k\u00f6r alaprajz\u00fa tornyok) kialak\u00edt\u00e1s\u00e1ra, egy l\u00e1tv\u00e1nyosabb \u00e9p\u00edt\u00e9szet megteremt\u00e9s\u00e9re. Az alapcser\u00e9p mell\u00e9 opcion\u00e1lis term\u00e9kek, idomcserepek (szell\u0151z\u0151cser\u00e9p, hornyolt gerinccser\u00e9p, sajtolt gerinccser\u00e9p, hornyolt kezd\u0151 gerinccser\u00e9p, sajtolt kezd\u0151 gerinccser\u00e9p, hornyolt h\u00e1rmas gerinceloszt\u00f3 elem, sajtolt XXL gerinccser\u00e9p, sajtolt h\u00e1rmas gerinceloszt\u00f3 elem, szeg\u00e9lycser\u00e9p) k\u00f6z\u00fcl v\u00e1laszthat, amelyek \u00e1rair\u00f3l az aj\u00e1nlatk\u00e9r\u00e9s lead\u00e1s\u00e1t k\u00f6vet\u0151en munkat\u00e1rsunk emailben t\u00e1j\u00e9koztatja \u00d6nt.<\/p>\n","protected":false},"featured_media":34937,"template":"","meta":[],"product_brand":[],"product_cat":[355,6656,6669],"product_tag":[6602],"class_list":{"0":"post-4284","1":"product","2":"type-product","3":"status-publish","4":"has-post-thumbnail","6":"product_cat-tetofedes","7":"product_cat-keramia-cserep","8":"product_cat-tondach-keramia-alapcserep","9":"product_tag-tondach","11":"first","12":"instock","13":"taxable","14":"shipping-taxable","15":"purchasable","16":"product-type-simple"},"aioseo_notices":[],"_links":{"self":[{"href":"https:\/\/www.bau-styl.hu\/epitoanyag\/wp-json\/wp\/v2\/product\/4284","targetHints":{"allow":["GET"]}}],"collection":[{"href":"https:\/\/www.bau-styl.hu\/epitoanyag\/wp-json\/wp\/v2\/product"}],"about":[{"href":"https:\/\/www.bau-styl.hu\/epitoanyag\/wp-json\/wp\/v2\/types\/product"}],"wp:featuredmedia":[{"embeddable":true,"href":"https:\/\/www.bau-styl.hu\/epitoanyag\/wp-json\/wp\/v2\/media\/34937"}],"wp:attachment":[{"href":"https:\/\/www.bau-styl.hu\/epitoanyag\/wp-json\/wp\/v2\/media?parent=4284"}],"wp:term":[{"taxonomy":"product_brand","embeddable":true,"href":"https:\/\/www.bau-styl.hu\/epitoanyag\/wp-json\/wp\/v2\/product_brand?post=4284"},{"taxonomy":"product_cat","embeddable":true,"href":"https:\/\/www.bau-styl.hu\/epitoanyag\/wp-json\/wp\/v2\/product_cat?post=4284"},{"taxonomy":"product_tag","embeddable":true,"href":"https:\/\/www.bau-styl.hu\/epitoanyag\/wp-json\/wp\/v2\/product_tag?post=4284"}],"curies":[{"name":"wp","href":"https:\/\/api.w.org\/{rel}","templated":true}]}}