{"id":42847,"date":"2025-05-27T08:22:18","date_gmt":"2025-05-27T06:22:18","guid":{"rendered":"https:\/\/www.bau-styl.hu\/epitoanyag\/?post_type=product&#038;p=42847"},"modified":"2025-05-27T13:58:02","modified_gmt":"2025-05-27T11:58:02","slug":"ujhaz-landforce-altalanos-viragfoldkeverek-c10059-50-liter","status":"publish","type":"product","link":"https:\/\/www.bau-styl.hu\/epitoanyag\/termek\/ujhaz-landforce-altalanos-viragfoldkeverek-c10059-50-liter\/","title":{"rendered":"\u00fajH\u00c1Z LandForce \u00c1ltal\u00e1nos vir\u00e1gf\u00f6ldkever\u00e9k C10059 50 liter"},"content":{"rendered":"","protected":false},"excerpt":{"rendered":"<p style=\"font-weight: 400;\">Az \u00dajh\u00e1z \u00c1ltal\u00e1nos Vir\u00e1gf\u00f6ld sz\u00e9lesk\u00f6r\u0171en alkalmazhat\u00f3, kiv\u00e9ve a speci\u00e1lis talajig\u00e9ny\u0171 n\u00f6v\u00e9nyeket (p\u00e9ld\u00e1ul savany\u00fa talajt kedvel\u0151 n\u00f6v\u00e9nyek, kaktuszf\u00e9l\u00e9k). Ide\u00e1lis v\u00e1laszt\u00e1s:<\/p>\n<p style=\"font-weight: 400;\">&#8211; Szoban\u00f6v\u00e9nyekhez (p\u00e9ld\u00e1ul fikusz, drac\u00e9na, p\u00e1lm\u00e1k, vitorlavir\u00e1g, filodendron)<br \/>\n&#8211; Kerti n\u00f6v\u00e9nyekhez, \u00e9vel\u0151kh\u00f6z<br \/>\n&#8211; Musk\u00e1tlikhoz, balkonl\u00e1d\u00e1s n\u00f6v\u00e9nyekhez<br \/>\n&#8211; Fiatal f\u00e1k \u00e9s cserj\u00e9k \u00fcltet\u00e9s\u00e9hez<br \/>\n&#8211; Z\u00f6lds\u00e9gn\u00f6v\u00e9nyek \u00e9s f\u0171szern\u00f6v\u00e9nyek termeszt\u00e9s\u00e9hez<\/p>\n","protected":false},"featured_media":42848,"template":"","meta":[],"product_brand":[],"product_cat":[168,174],"product_tag":[],"class_list":{"0":"post-42847","1":"product","2":"type-product","3":"status-publish","4":"has-post-thumbnail","6":"product_cat-kertepites-es-terburkolat","7":"product_cat-kertszepitok","9":"first","10":"instock","11":"taxable","12":"shipping-taxable","13":"purchasable","14":"product-type-simple"},"aioseo_notices":[],"_links":{"self":[{"href":"https:\/\/www.bau-styl.hu\/epitoanyag\/wp-json\/wp\/v2\/product\/42847","targetHints":{"allow":["GET"]}}],"collection":[{"href":"https:\/\/www.bau-styl.hu\/epitoanyag\/wp-json\/wp\/v2\/product"}],"about":[{"href":"https:\/\/www.bau-styl.hu\/epitoanyag\/wp-json\/wp\/v2\/types\/product"}],"wp:featuredmedia":[{"embeddable":true,"href":"https:\/\/www.bau-styl.hu\/epitoanyag\/wp-json\/wp\/v2\/media\/42848"}],"wp:attachment":[{"href":"https:\/\/www.bau-styl.hu\/epitoanyag\/wp-json\/wp\/v2\/media?parent=42847"}],"wp:term":[{"taxonomy":"product_brand","embeddable":true,"href":"https:\/\/www.bau-styl.hu\/epitoanyag\/wp-json\/wp\/v2\/product_brand?post=42847"},{"taxonomy":"product_cat","embeddable":true,"href":"https:\/\/www.bau-styl.hu\/epitoanyag\/wp-json\/wp\/v2\/product_cat?post=42847"},{"taxonomy":"product_tag","embeddable":true,"href":"https:\/\/www.bau-styl.hu\/epitoanyag\/wp-json\/wp\/v2\/product_tag?post=42847"}],"curies":[{"name":"wp","href":"https:\/\/api.w.org\/{rel}","templated":true}]}}