{"id":43076,"date":"2025-05-26T06:59:12","date_gmt":"2025-05-26T04:59:12","guid":{"rendered":"https:\/\/www.bau-styl.hu\/epitoanyag\/?post_type=product&#038;p=43076"},"modified":"2026-02-25T11:50:07","modified_gmt":"2026-02-25T09:50:07","slug":"semmelrock-appia-antica-kombi-terko-lavaszurke-melirozott-8-cm","status":"publish","type":"product","link":"https:\/\/www.bau-styl.hu\/epitoanyag\/termek\/semmelrock-appia-antica-kombi-terko-lavaszurke-melirozott-8-cm\/","title":{"rendered":"Semmelrock Appia Antica Kombi t\u00e9rk\u0151 l\u00e1vasz\u00fcrke mel\u00edrozott 8 cm"},"content":{"rendered":"","protected":false},"excerpt":{"rendered":"<p>L\u00e1vasz\u00fcrke, term\u00e9szetes megjelen\u00e9s\u0171, egyedileg \u00e1rnyalt , kombi t\u00e9rk\u0151, hull\u00e1mos \u00e9lekkel \u00e9s enyh\u00e9n karcolt fel\u00fclettel, a mediterr\u00e1n st\u00edlus kedvel\u0151inek.<br \/>\nAlkalmaz\u00e1sa:<br \/>\n&#8211; teraszok, t\u00e9rk\u00f6ves udvarok, h\u00e1z k\u00f6r\u00fcli utak, lejt\u0151s \u00f6sv\u00e9nyek, kerti s\u00fct\u00f6get\u0151<br \/>\n&#8211; aut\u00f3be\u00e1ll\u00f3k \u00e9s parkol\u00f3k (kereskedelmi l\u00e9tes\u00edtm\u00e9nyek parkol\u00f3ihoz 8 cm-es vastags\u00e1ggal)<br \/>\n&#8211; el\u0151terek, \u00e1rk\u00e1dok \u00e9s bels\u0151 udvarok<br \/>\n&#8211; gyalogos j\u00e1rda burkolat \u00e9s szint\u00e1thidal\u00e1sok<br \/>\n&#8211; t\u0171zolt\u00f3 utak \u00e9s k\u00f6rforgalmak<\/p>\n","protected":false},"featured_media":42912,"template":"","meta":[],"product_brand":[],"product_cat":[168,175,182],"product_tag":[6583],"class_list":{"0":"post-43076","1":"product","2":"type-product","3":"status-publish","4":"has-post-thumbnail","6":"product_cat-kertepites-es-terburkolat","7":"product_cat-terkovek","8":"product_cat-semmelrock","9":"product_tag-semmelrock","11":"first","12":"instock","13":"taxable","14":"shipping-taxable","15":"purchasable","16":"product-type-simple"},"aioseo_notices":[],"_links":{"self":[{"href":"https:\/\/www.bau-styl.hu\/epitoanyag\/wp-json\/wp\/v2\/product\/43076","targetHints":{"allow":["GET"]}}],"collection":[{"href":"https:\/\/www.bau-styl.hu\/epitoanyag\/wp-json\/wp\/v2\/product"}],"about":[{"href":"https:\/\/www.bau-styl.hu\/epitoanyag\/wp-json\/wp\/v2\/types\/product"}],"wp:featuredmedia":[{"embeddable":true,"href":"https:\/\/www.bau-styl.hu\/epitoanyag\/wp-json\/wp\/v2\/media\/42912"}],"wp:attachment":[{"href":"https:\/\/www.bau-styl.hu\/epitoanyag\/wp-json\/wp\/v2\/media?parent=43076"}],"wp:term":[{"taxonomy":"product_brand","embeddable":true,"href":"https:\/\/www.bau-styl.hu\/epitoanyag\/wp-json\/wp\/v2\/product_brand?post=43076"},{"taxonomy":"product_cat","embeddable":true,"href":"https:\/\/www.bau-styl.hu\/epitoanyag\/wp-json\/wp\/v2\/product_cat?post=43076"},{"taxonomy":"product_tag","embeddable":true,"href":"https:\/\/www.bau-styl.hu\/epitoanyag\/wp-json\/wp\/v2\/product_tag?post=43076"}],"curies":[{"name":"wp","href":"https:\/\/api.w.org\/{rel}","templated":true}]}}