{"id":43078,"date":"2025-05-26T06:59:12","date_gmt":"2025-05-26T04:59:12","guid":{"rendered":"https:\/\/www.bau-styl.hu\/epitoanyag\/?post_type=product&#038;p=43078"},"modified":"2026-02-25T11:50:57","modified_gmt":"2026-02-25T09:50:57","slug":"semmelrock-arte-pest-buda-kombi-terko-ives-ko-platinabronz-10-cm","status":"publish","type":"product","link":"https:\/\/www.bau-styl.hu\/epitoanyag\/termek\/semmelrock-arte-pest-buda-kombi-terko-ives-ko-platinabronz-10-cm\/","title":{"rendered":"Semmelrock Arte Pest-Buda Kombi t\u00e9rk\u0151 \u00edves k\u0151 platinabronz 10 cm"},"content":{"rendered":"","protected":false},"excerpt":{"rendered":"<p>A hagyom\u00e1nyos kockak\u0151 j\u00f3l bev\u00e1lt megold\u00e1s lehet t\u00f6rt\u00e9nelmi telep\u00fcl\u00e9sr\u00e9szek burkolatainak a kialak\u00edt\u00e1s\u00e1n\u00e1l. Emellett a modern \u00e9p\u00edt\u00e9szettel izgalmas kontrasztot alkotva is j\u00f3l alkalmazhat\u00f3.<br \/>\nLegfontosabb jellemz\u0151k:<br \/>\n&#8211; hagyom\u00e1nyos megjelen\u00e9s, modern technik\u00e1val kombin\u00e1lva<br \/>\n&#8211; a k\u00fcl\u00f6nb\u00f6z\u0151 lerak\u00e1si lehet\u0151s\u00e9geknek k\u00f6sz\u00f6nhet\u0151en sokf\u00e9le alkalmaz\u00e1si m\u00f3d: legyez\u0151 form\u00e1j\u00fa, hull\u00e1mos, vagy k\u00f6rk\u00f6r\u00f6s<br \/>\n&#8211; a PaveLock\u00ae fugatechnik\u00e1nak k\u00f6sz\u00f6nhet\u0151en biztosan nem billennek fel, nem d\u0151lnek jobbra-balra a k\u00f6vek<br \/>\n&#8211; teherg\u00e9pkocsival is j\u00e1rhat\u00f3<\/p>\n","protected":false},"featured_media":42982,"template":"","meta":[],"product_brand":[],"product_cat":[168,175,182],"product_tag":[6583],"class_list":{"0":"post-43078","1":"product","2":"type-product","3":"status-publish","4":"has-post-thumbnail","6":"product_cat-kertepites-es-terburkolat","7":"product_cat-terkovek","8":"product_cat-semmelrock","9":"product_tag-semmelrock","11":"first","12":"instock","13":"taxable","14":"shipping-taxable","15":"purchasable","16":"product-type-simple"},"aioseo_notices":[],"_links":{"self":[{"href":"https:\/\/www.bau-styl.hu\/epitoanyag\/wp-json\/wp\/v2\/product\/43078","targetHints":{"allow":["GET"]}}],"collection":[{"href":"https:\/\/www.bau-styl.hu\/epitoanyag\/wp-json\/wp\/v2\/product"}],"about":[{"href":"https:\/\/www.bau-styl.hu\/epitoanyag\/wp-json\/wp\/v2\/types\/product"}],"wp:featuredmedia":[{"embeddable":true,"href":"https:\/\/www.bau-styl.hu\/epitoanyag\/wp-json\/wp\/v2\/media\/42982"}],"wp:attachment":[{"href":"https:\/\/www.bau-styl.hu\/epitoanyag\/wp-json\/wp\/v2\/media?parent=43078"}],"wp:term":[{"taxonomy":"product_brand","embeddable":true,"href":"https:\/\/www.bau-styl.hu\/epitoanyag\/wp-json\/wp\/v2\/product_brand?post=43078"},{"taxonomy":"product_cat","embeddable":true,"href":"https:\/\/www.bau-styl.hu\/epitoanyag\/wp-json\/wp\/v2\/product_cat?post=43078"},{"taxonomy":"product_tag","embeddable":true,"href":"https:\/\/www.bau-styl.hu\/epitoanyag\/wp-json\/wp\/v2\/product_tag?post=43078"}],"curies":[{"name":"wp","href":"https:\/\/api.w.org\/{rel}","templated":true}]}}