{"id":43081,"date":"2025-05-26T06:59:12","date_gmt":"2025-05-26T04:59:12","guid":{"rendered":"https:\/\/www.bau-styl.hu\/epitoanyag\/?post_type=product&#038;p=43081"},"modified":"2026-02-25T11:50:29","modified_gmt":"2026-02-25T09:50:29","slug":"semmelrock-behaton-terko-szurke-20x165x8-cm","status":"publish","type":"product","link":"https:\/\/www.bau-styl.hu\/epitoanyag\/termek\/semmelrock-behaton-terko-szurke-20x165x8-cm\/","title":{"rendered":"Semmelrock Behaton t\u00e9rk\u0151 sz\u00fcrke 20&#215;16,5&#215;8 cm"},"content":{"rendered":"","protected":false},"excerpt":{"rendered":"<p>Nagy terhelhet\u0151s\u00e9g\u0171, klasszikus st\u00edlus\u00fa, dupla k\u00f6t\u00e9s\u0171, sz\u00fcrke sz\u00edn\u0171 t\u00e9rk\u0151, amely kiv\u00e1l\u00f3an alkalmas j\u00e1rd\u00e1k, aut\u00f3bej\u00e1r\u00f3k, parkol\u00f3k \u00e9s nagyobb forgalm\u00fa fel\u00fcletek burkol\u00e1s\u00e1ra mag\u00e1n- \u00e9s k\u00f6zter\u00fcleten egyar\u00e1nt.<br \/>\nAlkalmaz\u00e1sa:<br \/>\n&#8211; aut\u00f3be\u00e1ll\u00f3k<br \/>\n&#8211; ipari parkol\u00f3k<br \/>\n&#8211; kamion termin\u00e1lok<br \/>\n&#8211; gyalogos j\u00e1rda burkolat<br \/>\n&#8211; bek\u00f6t\u0151utak<\/p>\n","protected":false},"featured_media":42854,"template":"","meta":[],"product_brand":[],"product_cat":[168,175,182],"product_tag":[6583],"class_list":{"0":"post-43081","1":"product","2":"type-product","3":"status-publish","4":"has-post-thumbnail","6":"product_cat-kertepites-es-terburkolat","7":"product_cat-terkovek","8":"product_cat-semmelrock","9":"product_tag-semmelrock","11":"first","12":"instock","13":"taxable","14":"shipping-taxable","15":"purchasable","16":"product-type-simple"},"aioseo_notices":[],"_links":{"self":[{"href":"https:\/\/www.bau-styl.hu\/epitoanyag\/wp-json\/wp\/v2\/product\/43081","targetHints":{"allow":["GET"]}}],"collection":[{"href":"https:\/\/www.bau-styl.hu\/epitoanyag\/wp-json\/wp\/v2\/product"}],"about":[{"href":"https:\/\/www.bau-styl.hu\/epitoanyag\/wp-json\/wp\/v2\/types\/product"}],"wp:featuredmedia":[{"embeddable":true,"href":"https:\/\/www.bau-styl.hu\/epitoanyag\/wp-json\/wp\/v2\/media\/42854"}],"wp:attachment":[{"href":"https:\/\/www.bau-styl.hu\/epitoanyag\/wp-json\/wp\/v2\/media?parent=43081"}],"wp:term":[{"taxonomy":"product_brand","embeddable":true,"href":"https:\/\/www.bau-styl.hu\/epitoanyag\/wp-json\/wp\/v2\/product_brand?post=43081"},{"taxonomy":"product_cat","embeddable":true,"href":"https:\/\/www.bau-styl.hu\/epitoanyag\/wp-json\/wp\/v2\/product_cat?post=43081"},{"taxonomy":"product_tag","embeddable":true,"href":"https:\/\/www.bau-styl.hu\/epitoanyag\/wp-json\/wp\/v2\/product_tag?post=43081"}],"curies":[{"name":"wp","href":"https:\/\/api.w.org\/{rel}","templated":true}]}}