{"id":43086,"date":"2025-05-26T06:59:12","date_gmt":"2025-05-26T04:59:12","guid":{"rendered":"https:\/\/www.bau-styl.hu\/epitoanyag\/?post_type=product&#038;p=43086"},"modified":"2026-04-20T12:14:06","modified_gmt":"2026-04-20T10:14:06","slug":"semmelrock-citygo-terko-oszilomb-20x10x4-cm","status":"publish","type":"product","link":"https:\/\/www.bau-styl.hu\/epitoanyag\/termek\/semmelrock-citygo-terko-oszilomb-20x10x4-cm\/","title":{"rendered":"Semmelrock Citygo t\u00e9rk\u0151 \u0151szilomb 20x10x4 cm"},"content":{"rendered":"","protected":false},"excerpt":{"rendered":"<p>A CityGo t\u00e9rk\u0151 t\u00f6k\u00e9letes v\u00e1laszt\u00e1s teraszok, gyalogutak \u00e9s j\u00e1rd\u00e1k burkol\u00e1s\u00e1hoz! Az egyedi t\u00e9glalap alakja \u00e9s v\u00e1ltozatos sz\u00ednv\u00e1laszt\u00e9ka sz\u00e1mtalan kreat\u00edv mint\u00e1zat l\u00e9trehoz\u00e1s\u00e1t teszi lehet\u0151v\u00e9. R\u00e1ad\u00e1sul ide\u00e1lisan kombin\u00e1lhat\u00f3 olyan g\u00e9pj\u00e1rm\u0171vel is j\u00e1rhat\u00f3 t\u00e9rk\u00f6vekkel, amelyekkel harmonikus \u00e9s egyed\u00fcl\u00e1ll\u00f3 megjelen\u00e9st teremthetsz k\u00f6rnyezetedben.<\/p>\n","protected":false},"featured_media":42986,"template":"","meta":[],"product_brand":[11304],"product_cat":[168,175],"product_tag":[],"class_list":{"0":"post-43086","1":"product","2":"type-product","3":"status-publish","4":"has-post-thumbnail","6":"product_brand-semmelrock","7":"product_cat-kertepites-es-terburkolat","8":"product_cat-terkovek","10":"first","11":"instock","12":"taxable","13":"shipping-taxable","14":"purchasable","15":"product-type-simple"},"aioseo_notices":[],"_links":{"self":[{"href":"https:\/\/www.bau-styl.hu\/epitoanyag\/wp-json\/wp\/v2\/product\/43086","targetHints":{"allow":["GET"]}}],"collection":[{"href":"https:\/\/www.bau-styl.hu\/epitoanyag\/wp-json\/wp\/v2\/product"}],"about":[{"href":"https:\/\/www.bau-styl.hu\/epitoanyag\/wp-json\/wp\/v2\/types\/product"}],"wp:featuredmedia":[{"embeddable":true,"href":"https:\/\/www.bau-styl.hu\/epitoanyag\/wp-json\/wp\/v2\/media\/42986"}],"wp:attachment":[{"href":"https:\/\/www.bau-styl.hu\/epitoanyag\/wp-json\/wp\/v2\/media?parent=43086"}],"wp:term":[{"taxonomy":"product_brand","embeddable":true,"href":"https:\/\/www.bau-styl.hu\/epitoanyag\/wp-json\/wp\/v2\/product_brand?post=43086"},{"taxonomy":"product_cat","embeddable":true,"href":"https:\/\/www.bau-styl.hu\/epitoanyag\/wp-json\/wp\/v2\/product_cat?post=43086"},{"taxonomy":"product_tag","embeddable":true,"href":"https:\/\/www.bau-styl.hu\/epitoanyag\/wp-json\/wp\/v2\/product_tag?post=43086"}],"curies":[{"name":"wp","href":"https:\/\/api.w.org\/{rel}","templated":true}]}}