{"id":43095,"date":"2025-05-26T06:59:12","date_gmt":"2025-05-26T04:59:12","guid":{"rendered":"https:\/\/www.bau-styl.hu\/epitoanyag\/?post_type=product&#038;p=43095"},"modified":"2026-04-20T12:14:07","modified_gmt":"2026-04-20T10:14:07","slug":"semmelrock-citytop-elegance-kombi-terko-grigio-6-cm","status":"publish","type":"product","link":"https:\/\/www.bau-styl.hu\/epitoanyag\/termek\/semmelrock-citytop-elegance-kombi-terko-grigio-6-cm\/","title":{"rendered":"Semmelrock Citytop Elegance Kombi t\u00e9rk\u0151 grigio 6 cm"},"content":{"rendered":"","protected":false},"excerpt":{"rendered":"<p>Visszafogott, m\u00e9gis st\u00edlusos \u00e9s eleg\u00e1ns, grigio sz\u00edn\u0171, kombi t\u00e9rk\u0151, amely nyersbeton fel\u00fclet\u00e9vel, letisztult, id\u0151t\u00e1ll\u00f3 sz\u00edneivel, valamint nagym\u00e9ret\u0171 elem\u00e9nek v\u00e1ltakoz\u00e1s\u00e1val vonzza a tekintetet \u00e9s a modern st\u00edlus kedvel\u0151it.<br \/>\nAlkalmaz\u00e1sa:<br \/>\n&#8211; teraszok, t\u00e9rk\u00f6ves udvarok, h\u00e1z k\u00f6r\u00fcli utak, lejt\u0151s \u00f6sv\u00e9nyek, kerti s\u00fct\u00f6get\u0151<br \/>\n&#8211; aut\u00f3be\u00e1ll\u00f3k \u00e9s parkol\u00f3k<br \/>\n&#8211; el\u0151terek, \u00e1rk\u00e1dok \u00e9s bels\u0151 udvarok<br \/>\n&#8211; gyalogos j\u00e1rda burkolat<\/p>\n","protected":false},"featured_media":42940,"template":"","meta":[],"product_brand":[11304],"product_cat":[168,175],"product_tag":[],"class_list":{"0":"post-43095","1":"product","2":"type-product","3":"status-publish","4":"has-post-thumbnail","6":"product_brand-semmelrock","7":"product_cat-kertepites-es-terburkolat","8":"product_cat-terkovek","10":"first","11":"instock","12":"taxable","13":"shipping-taxable","14":"purchasable","15":"product-type-simple"},"aioseo_notices":[],"_links":{"self":[{"href":"https:\/\/www.bau-styl.hu\/epitoanyag\/wp-json\/wp\/v2\/product\/43095","targetHints":{"allow":["GET"]}}],"collection":[{"href":"https:\/\/www.bau-styl.hu\/epitoanyag\/wp-json\/wp\/v2\/product"}],"about":[{"href":"https:\/\/www.bau-styl.hu\/epitoanyag\/wp-json\/wp\/v2\/types\/product"}],"wp:featuredmedia":[{"embeddable":true,"href":"https:\/\/www.bau-styl.hu\/epitoanyag\/wp-json\/wp\/v2\/media\/42940"}],"wp:attachment":[{"href":"https:\/\/www.bau-styl.hu\/epitoanyag\/wp-json\/wp\/v2\/media?parent=43095"}],"wp:term":[{"taxonomy":"product_brand","embeddable":true,"href":"https:\/\/www.bau-styl.hu\/epitoanyag\/wp-json\/wp\/v2\/product_brand?post=43095"},{"taxonomy":"product_cat","embeddable":true,"href":"https:\/\/www.bau-styl.hu\/epitoanyag\/wp-json\/wp\/v2\/product_cat?post=43095"},{"taxonomy":"product_tag","embeddable":true,"href":"https:\/\/www.bau-styl.hu\/epitoanyag\/wp-json\/wp\/v2\/product_tag?post=43095"}],"curies":[{"name":"wp","href":"https:\/\/api.w.org\/{rel}","templated":true}]}}