{"id":43098,"date":"2025-05-26T06:59:12","date_gmt":"2025-05-26T04:59:12","guid":{"rendered":"https:\/\/www.bau-styl.hu\/epitoanyag\/?post_type=product&#038;p=43098"},"modified":"2026-04-20T12:14:08","modified_gmt":"2026-04-20T10:14:08","slug":"semmelrock-citytop-grande-kombi-terko-taupe-melir-6-cm","status":"publish","type":"product","link":"https:\/\/www.bau-styl.hu\/epitoanyag\/termek\/semmelrock-citytop-grande-kombi-terko-taupe-melir-6-cm\/","title":{"rendered":"Semmelrock Citytop Grande Kombi t\u00e9rk\u0151 taupe-mel\u00edr 6 cm"},"content":{"rendered":"","protected":false},"excerpt":{"rendered":"<p>Taupe-mel\u00edr sz\u00edn\u0171, izgalmasan tagolt, letisztult formavil\u00e1g\u00fa, \u00e9l\u00e9nk, egyedi hat\u00e1s\u00fa mel\u00edrozott sz\u00ednekben el\u00e9rhet\u0151, kombi t\u00e9rk\u0151, a modern st\u00edlus kedvel\u0151inek.<br \/>\nAlkalmaz\u00e1sa:<br \/>\n&#8211; teraszok, t\u00e9rk\u00f6ves udvarok, h\u00e1z k\u00f6r\u00fcli utak, lejt\u0151s \u00f6sv\u00e9nyek, kerti s\u00fct\u00f6get\u0151<br \/>\n&#8211; aut\u00f3be\u00e1ll\u00f3k \u00e9s parkol\u00f3k<br \/>\n&#8211; el\u0151terek \u00e9s bels\u0151 udvarok<\/p>\n","protected":false},"featured_media":42953,"template":"","meta":[],"product_brand":[11304],"product_cat":[168,175],"product_tag":[],"class_list":{"0":"post-43098","1":"product","2":"type-product","3":"status-publish","4":"has-post-thumbnail","6":"product_brand-semmelrock","7":"product_cat-kertepites-es-terburkolat","8":"product_cat-terkovek","10":"first","11":"instock","12":"taxable","13":"shipping-taxable","14":"purchasable","15":"product-type-simple"},"aioseo_notices":[],"_links":{"self":[{"href":"https:\/\/www.bau-styl.hu\/epitoanyag\/wp-json\/wp\/v2\/product\/43098","targetHints":{"allow":["GET"]}}],"collection":[{"href":"https:\/\/www.bau-styl.hu\/epitoanyag\/wp-json\/wp\/v2\/product"}],"about":[{"href":"https:\/\/www.bau-styl.hu\/epitoanyag\/wp-json\/wp\/v2\/types\/product"}],"wp:featuredmedia":[{"embeddable":true,"href":"https:\/\/www.bau-styl.hu\/epitoanyag\/wp-json\/wp\/v2\/media\/42953"}],"wp:attachment":[{"href":"https:\/\/www.bau-styl.hu\/epitoanyag\/wp-json\/wp\/v2\/media?parent=43098"}],"wp:term":[{"taxonomy":"product_brand","embeddable":true,"href":"https:\/\/www.bau-styl.hu\/epitoanyag\/wp-json\/wp\/v2\/product_brand?post=43098"},{"taxonomy":"product_cat","embeddable":true,"href":"https:\/\/www.bau-styl.hu\/epitoanyag\/wp-json\/wp\/v2\/product_cat?post=43098"},{"taxonomy":"product_tag","embeddable":true,"href":"https:\/\/www.bau-styl.hu\/epitoanyag\/wp-json\/wp\/v2\/product_tag?post=43098"}],"curies":[{"name":"wp","href":"https:\/\/api.w.org\/{rel}","templated":true}]}}