{"id":43103,"date":"2025-05-26T06:59:12","date_gmt":"2025-05-26T04:59:12","guid":{"rendered":"https:\/\/www.bau-styl.hu\/epitoanyag\/?post_type=product&#038;p=43103"},"modified":"2026-04-20T12:14:08","modified_gmt":"2026-04-20T10:14:08","slug":"semmelrock-citytop-kombi-terko-szurke-8-cm","status":"publish","type":"product","link":"https:\/\/www.bau-styl.hu\/epitoanyag\/termek\/semmelrock-citytop-kombi-terko-szurke-8-cm\/","title":{"rendered":"Semmelrock Citytop Kombi t\u00e9rk\u0151 sz\u00fcrke 8 cm"},"content":{"rendered":"","protected":false},"excerpt":{"rendered":"<p>Sz\u00fcrke sz\u00edn\u0171, egyedi hangulat\u00fa, kombi t\u00e9rk\u0151, amely v\u00e1ltozatos formavil\u00e1g\u00e1nak k\u00f6sz\u00f6nhet\u0151en egyedi, m\u00e9gis klasszikus st\u00edlus\u00fa fel\u00fcletek kialak\u00edt\u00e1s\u00e1t teszi lehet\u0151v\u00e9.<br \/>\nAlkalmaz\u00e1sa:<br \/>\n&#8211; teraszok, t\u00e9rk\u00f6ves udvarok, h\u00e1z k\u00f6r\u00fcli utak<br \/>\n&#8211; aut\u00f3be\u00e1ll\u00f3k, gar\u00e1zsbej\u00e1ratok \u00e9s parkol\u00f3k<br \/>\n&#8211; el\u0151terek \u00e9s bels\u0151 udvarok<\/p>\n","protected":false},"featured_media":42930,"template":"","meta":[],"product_brand":[11304],"product_cat":[168,175],"product_tag":[],"class_list":{"0":"post-43103","1":"product","2":"type-product","3":"status-publish","4":"has-post-thumbnail","6":"product_brand-semmelrock","7":"product_cat-kertepites-es-terburkolat","8":"product_cat-terkovek","10":"first","11":"instock","12":"taxable","13":"shipping-taxable","14":"purchasable","15":"product-type-simple"},"aioseo_notices":[],"_links":{"self":[{"href":"https:\/\/www.bau-styl.hu\/epitoanyag\/wp-json\/wp\/v2\/product\/43103","targetHints":{"allow":["GET"]}}],"collection":[{"href":"https:\/\/www.bau-styl.hu\/epitoanyag\/wp-json\/wp\/v2\/product"}],"about":[{"href":"https:\/\/www.bau-styl.hu\/epitoanyag\/wp-json\/wp\/v2\/types\/product"}],"wp:featuredmedia":[{"embeddable":true,"href":"https:\/\/www.bau-styl.hu\/epitoanyag\/wp-json\/wp\/v2\/media\/42930"}],"wp:attachment":[{"href":"https:\/\/www.bau-styl.hu\/epitoanyag\/wp-json\/wp\/v2\/media?parent=43103"}],"wp:term":[{"taxonomy":"product_brand","embeddable":true,"href":"https:\/\/www.bau-styl.hu\/epitoanyag\/wp-json\/wp\/v2\/product_brand?post=43103"},{"taxonomy":"product_cat","embeddable":true,"href":"https:\/\/www.bau-styl.hu\/epitoanyag\/wp-json\/wp\/v2\/product_cat?post=43103"},{"taxonomy":"product_tag","embeddable":true,"href":"https:\/\/www.bau-styl.hu\/epitoanyag\/wp-json\/wp\/v2\/product_tag?post=43103"}],"curies":[{"name":"wp","href":"https:\/\/api.w.org\/{rel}","templated":true}]}}