{"id":43106,"date":"2025-05-26T06:59:12","date_gmt":"2025-05-26T04:59:12","guid":{"rendered":"https:\/\/www.bau-styl.hu\/epitoanyag\/?post_type=product&#038;p=43106"},"modified":"2026-04-20T12:14:09","modified_gmt":"2026-04-20T10:14:09","slug":"semmelrock-citytop-smart-terko-grafit-terra-20x133x5-cm","status":"publish","type":"product","link":"https:\/\/www.bau-styl.hu\/epitoanyag\/termek\/semmelrock-citytop-smart-terko-grafit-terra-20x133x5-cm\/","title":{"rendered":"Semmelrock Citytop Smart t\u00e9rk\u0151 grafit-terra 20&#215;13,3&#215;5 cm"},"content":{"rendered":"","protected":false},"excerpt":{"rendered":"<p>Izgalmas grafit-terra colorflow fel\u00fclet, a citytop term\u00e9kcsal\u00e1d egyik leggazdas\u00e1gosabb tagj\u00e1n. K\u00fcl\u00f6nleges \u00e9s egyben klasszikus megjelen\u00e9s\u0171 fel\u00fcleteket lehet vele kialak\u00edtani, \u00e1r-\u00e9rt\u00e9k ar\u00e1nyban verhetetlen megold\u00e1st k\u00edn\u00e1l.<br \/>\nAlkalmaz\u00e1sa:<br \/>\n&#8211; teraszok, t\u00e9rk\u00f6ves udvarok, h\u00e1z k\u00f6r\u00fcli utak, lejt\u0151s \u00f6sv\u00e9nyek, kerti s\u00fct\u00f6get\u0151<br \/>\n&#8211; aut\u00f3be\u00e1ll\u00f3k, gar\u00e1zsbej\u00e1ratok \u00e9s parkol\u00f3k<\/p>\n","protected":false},"featured_media":42954,"template":"","meta":[],"product_brand":[11304],"product_cat":[168,175],"product_tag":[],"class_list":{"0":"post-43106","1":"product","2":"type-product","3":"status-publish","4":"has-post-thumbnail","6":"product_brand-semmelrock","7":"product_cat-kertepites-es-terburkolat","8":"product_cat-terkovek","10":"first","11":"instock","12":"taxable","13":"shipping-taxable","14":"purchasable","15":"product-type-simple"},"aioseo_notices":[],"_links":{"self":[{"href":"https:\/\/www.bau-styl.hu\/epitoanyag\/wp-json\/wp\/v2\/product\/43106","targetHints":{"allow":["GET"]}}],"collection":[{"href":"https:\/\/www.bau-styl.hu\/epitoanyag\/wp-json\/wp\/v2\/product"}],"about":[{"href":"https:\/\/www.bau-styl.hu\/epitoanyag\/wp-json\/wp\/v2\/types\/product"}],"wp:featuredmedia":[{"embeddable":true,"href":"https:\/\/www.bau-styl.hu\/epitoanyag\/wp-json\/wp\/v2\/media\/42954"}],"wp:attachment":[{"href":"https:\/\/www.bau-styl.hu\/epitoanyag\/wp-json\/wp\/v2\/media?parent=43106"}],"wp:term":[{"taxonomy":"product_brand","embeddable":true,"href":"https:\/\/www.bau-styl.hu\/epitoanyag\/wp-json\/wp\/v2\/product_brand?post=43106"},{"taxonomy":"product_cat","embeddable":true,"href":"https:\/\/www.bau-styl.hu\/epitoanyag\/wp-json\/wp\/v2\/product_cat?post=43106"},{"taxonomy":"product_tag","embeddable":true,"href":"https:\/\/www.bau-styl.hu\/epitoanyag\/wp-json\/wp\/v2\/product_tag?post=43106"}],"curies":[{"name":"wp","href":"https:\/\/api.w.org\/{rel}","templated":true}]}}