{"id":43107,"date":"2025-05-26T06:59:12","date_gmt":"2025-05-26T04:59:12","guid":{"rendered":"https:\/\/www.bau-styl.hu\/epitoanyag\/?post_type=product&#038;p=43107"},"modified":"2026-04-20T12:14:09","modified_gmt":"2026-04-20T10:14:09","slug":"semmelrock-naturo-kombi-terko-bazaltantracit-6-cm","status":"publish","type":"product","link":"https:\/\/www.bau-styl.hu\/epitoanyag\/termek\/semmelrock-naturo-kombi-terko-bazaltantracit-6-cm\/","title":{"rendered":"Semmelrock Naturo Kombi t\u00e9rk\u0151 bazaltantracit 6 cm"},"content":{"rendered":"","protected":false},"excerpt":{"rendered":"<p>Bazaltantracit sz\u00edn\u0171, tradicion\u00e1lis st\u00edlus\u00fa, kombi t\u00e9rk\u0151 finommosott fel\u00fclettel, amely az eleg\u00e1ns kockak\u00f6ves utc\u00e1k hangulat\u00e1t id\u00e9zi. Az \u00e9rt\u00e9kes, 7 m\u00e9retben kaphat\u00f3, nat\u00fark\u0151 jelleg\u0171 burkolat sz\u00edn\u00e1rnyalatai kombin\u00e1lhat\u00f3ak.<br \/>\nAlkalmaz\u00e1sa:<br \/>\n&#8211; teraszok, t\u00e9rk\u00f6ves udvarok, h\u00e1z k\u00f6r\u00fcli utak, lejt\u0151s \u00f6sv\u00e9nyek, kerti s\u00fct\u00f6get\u0151<br \/>\n&#8211; aut\u00f3be\u00e1ll\u00f3k, gar\u00e1zsbej\u00e1ratok<br \/>\n&#8211; kereskedelmi l\u00e9tes\u00edtm\u00e9nyek parkol\u00f3i<br \/>\n&#8211; el\u0151terek, \u00e1rk\u00e1dok \u00e9s bels\u0151 udvarok<br \/>\n&#8211; gyalogos j\u00e1rda burkolat \u00e9s szint\u00e1thidal\u00e1sok<br \/>\n&#8211; ig\u00e9nyes fel\u00fcletek kialak\u00edt\u00e1sa<\/p>\n","protected":false},"featured_media":42873,"template":"","meta":[],"product_brand":[11304],"product_cat":[168,175],"product_tag":[],"class_list":{"0":"post-43107","1":"product","2":"type-product","3":"status-publish","4":"has-post-thumbnail","6":"product_brand-semmelrock","7":"product_cat-kertepites-es-terburkolat","8":"product_cat-terkovek","10":"first","11":"instock","12":"taxable","13":"shipping-taxable","14":"purchasable","15":"product-type-simple"},"aioseo_notices":[],"_links":{"self":[{"href":"https:\/\/www.bau-styl.hu\/epitoanyag\/wp-json\/wp\/v2\/product\/43107","targetHints":{"allow":["GET"]}}],"collection":[{"href":"https:\/\/www.bau-styl.hu\/epitoanyag\/wp-json\/wp\/v2\/product"}],"about":[{"href":"https:\/\/www.bau-styl.hu\/epitoanyag\/wp-json\/wp\/v2\/types\/product"}],"wp:featuredmedia":[{"embeddable":true,"href":"https:\/\/www.bau-styl.hu\/epitoanyag\/wp-json\/wp\/v2\/media\/42873"}],"wp:attachment":[{"href":"https:\/\/www.bau-styl.hu\/epitoanyag\/wp-json\/wp\/v2\/media?parent=43107"}],"wp:term":[{"taxonomy":"product_brand","embeddable":true,"href":"https:\/\/www.bau-styl.hu\/epitoanyag\/wp-json\/wp\/v2\/product_brand?post=43107"},{"taxonomy":"product_cat","embeddable":true,"href":"https:\/\/www.bau-styl.hu\/epitoanyag\/wp-json\/wp\/v2\/product_cat?post=43107"},{"taxonomy":"product_tag","embeddable":true,"href":"https:\/\/www.bau-styl.hu\/epitoanyag\/wp-json\/wp\/v2\/product_tag?post=43107"}],"curies":[{"name":"wp","href":"https:\/\/api.w.org\/{rel}","templated":true}]}}