{"id":43108,"date":"2025-05-26T06:59:12","date_gmt":"2025-05-26T04:59:12","guid":{"rendered":"https:\/\/www.bau-styl.hu\/epitoanyag\/?post_type=product&#038;p=43108"},"modified":"2026-04-20T12:14:09","modified_gmt":"2026-04-20T10:14:09","slug":"semmelrock-nuvola-kombi-terko-szurke-feher-5-cm","status":"publish","type":"product","link":"https:\/\/www.bau-styl.hu\/epitoanyag\/termek\/semmelrock-nuvola-kombi-terko-szurke-feher-5-cm\/","title":{"rendered":"Semmelrock Nuvola Kombi t\u00e9rk\u0151 sz\u00fcrke-feh\u00e9r 5 cm"},"content":{"rendered":"","protected":false},"excerpt":{"rendered":"<p>Sz\u00fcrke-feh\u00e9r sz\u00edn\u0171 term\u00e9szetes \u00e9s l\u00e9gies mint\u00e1zatban kevered\u0151, egym\u00e1ssal harmoniz\u00e1l\u00f3 sz\u00edn\u00e1rnyalatok teszik a burkolatot k\u00fcl\u00f6nlegess\u00e9. Az \u00edgy kialak\u00edtott fel\u00fcletek egyszerre ny\u00fajtanak eszt\u00e9tikus \u00e9s kiegyens\u00falyozott l\u00e1tv\u00e1nyt, amely t\u00f6k\u00e9letesen illeszkedik b\u00e1rmilyen k\u00f6rnyezetbe. 7 f\u00e9le m\u00e9ret vegyesen.<br \/>\nAlkalmaz\u00e1si ter\u00fcletek:<br \/>\n&#8211; teraszok<br \/>\n&#8211; kerti \u00e9s h\u00e1z k\u00f6r\u00fcli utak<br \/>\n&#8211; gar\u00e1zsbej\u00e1ratok<br \/>\n&#8211; parkol\u00f3k<br \/>\n&#8211; el\u0151terek<br \/>\n&#8211; bels\u0151 udvarok<br \/>\n&#8211; j\u00e1rd\u00e1k \u00e9s szint\u00e1thidal\u00e1sok<br \/>\n&#8211; ig\u00e9nyes fel\u00fcletek kialak\u00edt\u00e1sa<br \/>\n&#8211; \u00edves vonalvezet\u00e9s\u0171 utak<\/p>\n","protected":false},"featured_media":42993,"template":"","meta":[],"product_brand":[11304],"product_cat":[168,175],"product_tag":[],"class_list":{"0":"post-43108","1":"product","2":"type-product","3":"status-publish","4":"has-post-thumbnail","6":"product_brand-semmelrock","7":"product_cat-kertepites-es-terburkolat","8":"product_cat-terkovek","10":"first","11":"instock","12":"taxable","13":"shipping-taxable","14":"purchasable","15":"product-type-simple"},"aioseo_notices":[],"_links":{"self":[{"href":"https:\/\/www.bau-styl.hu\/epitoanyag\/wp-json\/wp\/v2\/product\/43108","targetHints":{"allow":["GET"]}}],"collection":[{"href":"https:\/\/www.bau-styl.hu\/epitoanyag\/wp-json\/wp\/v2\/product"}],"about":[{"href":"https:\/\/www.bau-styl.hu\/epitoanyag\/wp-json\/wp\/v2\/types\/product"}],"wp:featuredmedia":[{"embeddable":true,"href":"https:\/\/www.bau-styl.hu\/epitoanyag\/wp-json\/wp\/v2\/media\/42993"}],"wp:attachment":[{"href":"https:\/\/www.bau-styl.hu\/epitoanyag\/wp-json\/wp\/v2\/media?parent=43108"}],"wp:term":[{"taxonomy":"product_brand","embeddable":true,"href":"https:\/\/www.bau-styl.hu\/epitoanyag\/wp-json\/wp\/v2\/product_brand?post=43108"},{"taxonomy":"product_cat","embeddable":true,"href":"https:\/\/www.bau-styl.hu\/epitoanyag\/wp-json\/wp\/v2\/product_cat?post=43108"},{"taxonomy":"product_tag","embeddable":true,"href":"https:\/\/www.bau-styl.hu\/epitoanyag\/wp-json\/wp\/v2\/product_tag?post=43108"}],"curies":[{"name":"wp","href":"https:\/\/api.w.org\/{rel}","templated":true}]}}