{"id":43112,"date":"2025-05-26T06:59:12","date_gmt":"2025-05-26T04:59:12","guid":{"rendered":"https:\/\/www.bau-styl.hu\/epitoanyag\/?post_type=product&#038;p=43112"},"modified":"2026-04-20T12:14:09","modified_gmt":"2026-04-20T10:14:09","slug":"semmelrock-parcetto-terko-32x8x8cm-grafit-terra","status":"publish","type":"product","link":"https:\/\/www.bau-styl.hu\/epitoanyag\/termek\/semmelrock-parcetto-terko-32x8x8cm-grafit-terra\/","title":{"rendered":"Semmelrock Parcetto t\u00e9rk\u0151 32x8x8cm grafit-terra"},"content":{"rendered":"","protected":false},"excerpt":{"rendered":"<p>A Parcetto t\u00e9rk\u0151 letisztult, minimalista formavil\u00e1g\u00e1val \u00e9s egyszer\u0171 megjelen\u00e9s\u00e9vel egyar\u00e1nt ide\u00e1lis v\u00e1laszt\u00e1s a gyalogos, \u00e9s szem\u00e9lyg\u00e9pj\u00e1rm\u0171 forgalomra sz\u00e1nt ter\u00fcletek kialak\u00edt\u00e1s\u00e1ra. Modern sz\u00ednvil\u00e1ga, legyen sz\u00f3 egysz\u00edn\u0171, vagy mel\u00edrozott sz\u00edn v\u00e1laszt\u00e9k\u00e1r\u00f3l, finom \u00e9s eleg\u00e1ns megjelen\u00e9st k\u00f6lcs\u00f6n\u00f6z a burkolt fel\u00fcletnek. Rendk\u00edv\u00fcl sokoldal\u00fa term\u00e9k, hiszen annak ellen\u00e9re, hogy csak egy m\u00e9retben el\u00e9rhet\u0151, sz\u00e1mos rak\u00e1sminta kialak\u00edt\u00e1s\u00e1ra alkalmas a klasszikust\u00f3l eg\u00e9szen a modernig.<br \/>\nLegfontosabb jellemz\u0151k:<br \/>\n&#8211; letisztult, id\u0151t\u00e1ll\u00f3 sz\u00ednvil\u00e1g<br \/>\n&#8211; a term\u00e9k kop\u00e1s\u00e1ll\u00f3s\u00e1ga, fagy\u00e1ll\u00f3s\u00e1ga a term\u00e9kszabv\u00e1ny legszigor\u00fabb k\u00f6vetelm\u00e9nyeit el\u00e9g\u00edti ki<\/p>\n","protected":false},"featured_media":42962,"template":"","meta":[],"product_brand":[11304],"product_cat":[168,175],"product_tag":[],"class_list":{"0":"post-43112","1":"product","2":"type-product","3":"status-publish","4":"has-post-thumbnail","6":"product_brand-semmelrock","7":"product_cat-kertepites-es-terburkolat","8":"product_cat-terkovek","10":"first","11":"instock","12":"taxable","13":"shipping-taxable","14":"purchasable","15":"product-type-simple"},"aioseo_notices":[],"_links":{"self":[{"href":"https:\/\/www.bau-styl.hu\/epitoanyag\/wp-json\/wp\/v2\/product\/43112","targetHints":{"allow":["GET"]}}],"collection":[{"href":"https:\/\/www.bau-styl.hu\/epitoanyag\/wp-json\/wp\/v2\/product"}],"about":[{"href":"https:\/\/www.bau-styl.hu\/epitoanyag\/wp-json\/wp\/v2\/types\/product"}],"wp:featuredmedia":[{"embeddable":true,"href":"https:\/\/www.bau-styl.hu\/epitoanyag\/wp-json\/wp\/v2\/media\/42962"}],"wp:attachment":[{"href":"https:\/\/www.bau-styl.hu\/epitoanyag\/wp-json\/wp\/v2\/media?parent=43112"}],"wp:term":[{"taxonomy":"product_brand","embeddable":true,"href":"https:\/\/www.bau-styl.hu\/epitoanyag\/wp-json\/wp\/v2\/product_brand?post=43112"},{"taxonomy":"product_cat","embeddable":true,"href":"https:\/\/www.bau-styl.hu\/epitoanyag\/wp-json\/wp\/v2\/product_cat?post=43112"},{"taxonomy":"product_tag","embeddable":true,"href":"https:\/\/www.bau-styl.hu\/epitoanyag\/wp-json\/wp\/v2\/product_tag?post=43112"}],"curies":[{"name":"wp","href":"https:\/\/api.w.org\/{rel}","templated":true}]}}