{"id":43116,"date":"2025-05-26T06:59:12","date_gmt":"2025-05-26T04:59:12","guid":{"rendered":"https:\/\/www.bau-styl.hu\/epitoanyag\/?post_type=product&#038;p=43116"},"modified":"2026-04-20T12:14:10","modified_gmt":"2026-04-20T10:14:10","slug":"semmelrock-suprema-kombi-terko-grafit-terra-6-cm","status":"publish","type":"product","link":"https:\/\/www.bau-styl.hu\/epitoanyag\/termek\/semmelrock-suprema-kombi-terko-grafit-terra-6-cm\/","title":{"rendered":"Semmelrock Suprema Kombi t\u00e9rk\u0151 grafit-terra 6 cm"},"content":{"rendered":"","protected":false},"excerpt":{"rendered":"<p>Term\u00e9sk\u0151 hat\u00e1s\u00e1t id\u00e9z\u0151 burkolat, mely mindenkit elvar\u00e1zsol sz\u00ednvil\u00e1g\u00e1val, egyenetlen fel\u00fclet\u00e9vel \u00e9s hull\u00e1mz\u00f3 \u00e9leivel. Fel\u00fclete visszafogottan struktur\u00e1lt, \u00edgy term\u00e9szetes k\u0151 hat\u00e1s\u00e1t kelti, melyet a term\u00e9k sz\u00ednv\u00e1laszt\u00e9ka m\u00e9g tov\u00e1bb er\u0151s\u00edt.<br \/>\nLegfontosabb jellemz\u0151k:<br \/>\n&#8211; term\u00e9szetes forma<br \/>\n&#8211; k\u00f6nny\u0171 lerak\u00e1s a kombiform\u00e1nak k\u00f6sz\u00f6nhet\u0151en<br \/>\n&#8211; a term\u00e9k kop\u00e1s\u00e1ll\u00f3s\u00e1ga \u00e9s fagy\u00e1ll\u00f3s\u00e1ga a term\u00e9kszabv\u00e1ny legszigor\u00fabb k\u00f6vetelm\u00e9nyeit el\u00e9g\u00edtik ki<\/p>\n","protected":false},"featured_media":42967,"template":"","meta":[],"product_brand":[11304],"product_cat":[168,175],"product_tag":[],"class_list":{"0":"post-43116","1":"product","2":"type-product","3":"status-publish","4":"has-post-thumbnail","6":"product_brand-semmelrock","7":"product_cat-kertepites-es-terburkolat","8":"product_cat-terkovek","10":"first","11":"instock","12":"taxable","13":"shipping-taxable","14":"purchasable","15":"product-type-simple"},"aioseo_notices":[],"_links":{"self":[{"href":"https:\/\/www.bau-styl.hu\/epitoanyag\/wp-json\/wp\/v2\/product\/43116","targetHints":{"allow":["GET"]}}],"collection":[{"href":"https:\/\/www.bau-styl.hu\/epitoanyag\/wp-json\/wp\/v2\/product"}],"about":[{"href":"https:\/\/www.bau-styl.hu\/epitoanyag\/wp-json\/wp\/v2\/types\/product"}],"wp:featuredmedia":[{"embeddable":true,"href":"https:\/\/www.bau-styl.hu\/epitoanyag\/wp-json\/wp\/v2\/media\/42967"}],"wp:attachment":[{"href":"https:\/\/www.bau-styl.hu\/epitoanyag\/wp-json\/wp\/v2\/media?parent=43116"}],"wp:term":[{"taxonomy":"product_brand","embeddable":true,"href":"https:\/\/www.bau-styl.hu\/epitoanyag\/wp-json\/wp\/v2\/product_brand?post=43116"},{"taxonomy":"product_cat","embeddable":true,"href":"https:\/\/www.bau-styl.hu\/epitoanyag\/wp-json\/wp\/v2\/product_cat?post=43116"},{"taxonomy":"product_tag","embeddable":true,"href":"https:\/\/www.bau-styl.hu\/epitoanyag\/wp-json\/wp\/v2\/product_tag?post=43116"}],"curies":[{"name":"wp","href":"https:\/\/api.w.org\/{rel}","templated":true}]}}