{"id":43120,"date":"2025-05-26T06:59:12","date_gmt":"2025-05-26T04:59:12","guid":{"rendered":"https:\/\/www.bau-styl.hu\/epitoanyag\/?post_type=product&#038;p=43120"},"modified":"2026-04-20T12:14:10","modified_gmt":"2026-04-20T10:14:10","slug":"semmelrock-univerzalis-hullamko-terko-voros-1125x225x6-cm","status":"publish","type":"product","link":"https:\/\/www.bau-styl.hu\/epitoanyag\/termek\/semmelrock-univerzalis-hullamko-terko-voros-1125x225x6-cm\/","title":{"rendered":"Semmelrock Univerz\u00e1lis hull\u00e1mk\u0151 t\u00e9rk\u0151 v\u00f6r\u00f6s 11,25&#215;22,5&#215;6 cm"},"content":{"rendered":"","protected":false},"excerpt":{"rendered":"<p>Sz\u00e9les felhaszn\u00e1l\u00e1s\u00fa, massz\u00edv \u00e9s terhelhet\u0151, klasszikus st\u00edlus\u00fa, univerz\u00e1lis hull\u00e1mk\u0151, v\u00f6r\u00f6s sz\u00ednben. Kiv\u00e1l\u00f3an alkalmas j\u00e1rd\u00e1k, aut\u00f3bej\u00e1r\u00f3k, parkol\u00f3k \u00e9s nagyobb forgalm\u00fa fel\u00fcletek burkol\u00e1s\u00e1ra mag\u00e1n- \u00e9s k\u00f6zter\u00fcleten egyar\u00e1nt.<br \/>\nAlkalmaz\u00e1sa:<br \/>\n&#8211; ipari parkol\u00f3k<br \/>\n&#8211; kamion termin\u00e1lok<br \/>\n&#8211; gyalogos j\u00e1rd\u00e1k burkolata<br \/>\n&#8211; bek\u00f6t\u0151utak<\/p>\n","protected":false},"featured_media":42883,"template":"","meta":[],"product_brand":[11304],"product_cat":[168,175],"product_tag":[],"class_list":{"0":"post-43120","1":"product","2":"type-product","3":"status-publish","4":"has-post-thumbnail","6":"product_brand-semmelrock","7":"product_cat-kertepites-es-terburkolat","8":"product_cat-terkovek","10":"first","11":"instock","12":"taxable","13":"shipping-taxable","14":"purchasable","15":"product-type-simple"},"aioseo_notices":[],"_links":{"self":[{"href":"https:\/\/www.bau-styl.hu\/epitoanyag\/wp-json\/wp\/v2\/product\/43120","targetHints":{"allow":["GET"]}}],"collection":[{"href":"https:\/\/www.bau-styl.hu\/epitoanyag\/wp-json\/wp\/v2\/product"}],"about":[{"href":"https:\/\/www.bau-styl.hu\/epitoanyag\/wp-json\/wp\/v2\/types\/product"}],"wp:featuredmedia":[{"embeddable":true,"href":"https:\/\/www.bau-styl.hu\/epitoanyag\/wp-json\/wp\/v2\/media\/42883"}],"wp:attachment":[{"href":"https:\/\/www.bau-styl.hu\/epitoanyag\/wp-json\/wp\/v2\/media?parent=43120"}],"wp:term":[{"taxonomy":"product_brand","embeddable":true,"href":"https:\/\/www.bau-styl.hu\/epitoanyag\/wp-json\/wp\/v2\/product_brand?post=43120"},{"taxonomy":"product_cat","embeddable":true,"href":"https:\/\/www.bau-styl.hu\/epitoanyag\/wp-json\/wp\/v2\/product_cat?post=43120"},{"taxonomy":"product_tag","embeddable":true,"href":"https:\/\/www.bau-styl.hu\/epitoanyag\/wp-json\/wp\/v2\/product_tag?post=43120"}],"curies":[{"name":"wp","href":"https:\/\/api.w.org\/{rel}","templated":true}]}}