{"id":43123,"date":"2025-05-26T06:59:12","date_gmt":"2025-05-26T04:59:12","guid":{"rendered":"https:\/\/www.bau-styl.hu\/epitoanyag\/?post_type=product&#038;p=43123"},"modified":"2026-04-20T12:14:10","modified_gmt":"2026-04-20T10:14:10","slug":"semmelrock-ventura-kombi-terko-barna-feher-6-cm","status":"publish","type":"product","link":"https:\/\/www.bau-styl.hu\/epitoanyag\/termek\/semmelrock-ventura-kombi-terko-barna-feher-6-cm\/","title":{"rendered":"Semmelrock Ventura Kombi t\u00e9rk\u0151 barna-feh\u00e9r 6 cm"},"content":{"rendered":"","protected":false},"excerpt":{"rendered":"<p>Izgalmasan tagolt, letisztult formavil\u00e1g\u00fa t\u00e9rk\u0151. A kombi forma 7 elem\u00e9nek v\u00e1ltakoz\u00e1s\u00e1val figyelemfelkelt\u0151 rak\u00e1sminta kombin\u00e1ci\u00f3k alak\u00edthat\u00f3ak ki. Egyar\u00e1nt aj\u00e1nljuk gyalogos \u00e9s szem\u00e9lyg\u00e9pj\u00e1rm\u0171 forgalomra sz\u00e1nt ter\u00fcletek kialak\u00edt\u00e1s\u00e1ra. Gazdag sz\u00ednv\u00e1laszt\u00e9k\u00e1nak k\u00f6sz\u00f6nhet\u0151en mindenki megtal\u00e1lja az \u00edzl\u00e9s\u00e9nek megfelel\u0151 t\u00e9rk\u00f6vet.<\/p>\n","protected":false},"featured_media":42959,"template":"","meta":[],"product_brand":[11304],"product_cat":[168,175],"product_tag":[],"class_list":{"0":"post-43123","1":"product","2":"type-product","3":"status-publish","4":"has-post-thumbnail","6":"product_brand-semmelrock","7":"product_cat-kertepites-es-terburkolat","8":"product_cat-terkovek","10":"first","11":"instock","12":"taxable","13":"shipping-taxable","14":"purchasable","15":"product-type-simple"},"aioseo_notices":[],"_links":{"self":[{"href":"https:\/\/www.bau-styl.hu\/epitoanyag\/wp-json\/wp\/v2\/product\/43123","targetHints":{"allow":["GET"]}}],"collection":[{"href":"https:\/\/www.bau-styl.hu\/epitoanyag\/wp-json\/wp\/v2\/product"}],"about":[{"href":"https:\/\/www.bau-styl.hu\/epitoanyag\/wp-json\/wp\/v2\/types\/product"}],"wp:featuredmedia":[{"embeddable":true,"href":"https:\/\/www.bau-styl.hu\/epitoanyag\/wp-json\/wp\/v2\/media\/42959"}],"wp:attachment":[{"href":"https:\/\/www.bau-styl.hu\/epitoanyag\/wp-json\/wp\/v2\/media?parent=43123"}],"wp:term":[{"taxonomy":"product_brand","embeddable":true,"href":"https:\/\/www.bau-styl.hu\/epitoanyag\/wp-json\/wp\/v2\/product_brand?post=43123"},{"taxonomy":"product_cat","embeddable":true,"href":"https:\/\/www.bau-styl.hu\/epitoanyag\/wp-json\/wp\/v2\/product_cat?post=43123"},{"taxonomy":"product_tag","embeddable":true,"href":"https:\/\/www.bau-styl.hu\/epitoanyag\/wp-json\/wp\/v2\/product_tag?post=43123"}],"curies":[{"name":"wp","href":"https:\/\/api.w.org\/{rel}","templated":true}]}}