{"id":43129,"date":"2025-05-26T06:59:12","date_gmt":"2025-05-26T04:59:12","guid":{"rendered":"https:\/\/www.bau-styl.hu\/epitoanyag\/?post_type=product&#038;p=43129"},"modified":"2026-04-20T12:14:11","modified_gmt":"2026-04-20T10:14:11","slug":"semmelrock-ecogreen-terko-antracit-20x20x8-cm","status":"publish","type":"product","link":"https:\/\/www.bau-styl.hu\/epitoanyag\/termek\/semmelrock-ecogreen-terko-antracit-20x20x8-cm\/","title":{"rendered":"Semmelrock Ecogreen t\u00e9rk\u0151 antracit 20x20x8 cm"},"content":{"rendered":"","protected":false},"excerpt":{"rendered":"<p>Antracit sz\u00edn\u0171, gyepfug\u00e1s, v\u00edzelvezet\u0151, \u00f6ko t\u00e9rk\u0151 nagym\u00e9ret\u0171 t\u00e1vtart\u00f3kkal, amelyek f\u00fcves\u00edthet\u0151 vagy d\u00edszkaviccsal felt\u00f6lthet\u0151 fugah\u00e9zagot biztos\u00edtanak. \u00cdgy az utakon, behajt\u00f3kon \u00e9s parkol\u00f3helyeken olyan robusztus burkolat \u00e9p\u00edthet\u0151, amely k\u00e9nyelmes, bar\u00e1ts\u00e1gos, \u00e9s megb\u00edzhat\u00f3an elsziv\u00e1rogtatja az es\u0151vizet.<br \/>\nAlkalmaz\u00e1sa:<br \/>\n&#8211; parkol\u00f3k<br \/>\n&#8211; g\u00e9pkocsi be\u00e1ll\u00f3k<br \/>\n&#8211; gar\u00e1zsbej\u00e1r\u00f3k<\/p>\n","protected":false},"featured_media":42907,"template":"","meta":[],"product_brand":[11304],"product_cat":[168,175],"product_tag":[],"class_list":{"0":"post-43129","1":"product","2":"type-product","3":"status-publish","4":"has-post-thumbnail","6":"product_brand-semmelrock","7":"product_cat-kertepites-es-terburkolat","8":"product_cat-terkovek","10":"first","11":"instock","12":"taxable","13":"shipping-taxable","14":"purchasable","15":"product-type-simple"},"aioseo_notices":[],"_links":{"self":[{"href":"https:\/\/www.bau-styl.hu\/epitoanyag\/wp-json\/wp\/v2\/product\/43129","targetHints":{"allow":["GET"]}}],"collection":[{"href":"https:\/\/www.bau-styl.hu\/epitoanyag\/wp-json\/wp\/v2\/product"}],"about":[{"href":"https:\/\/www.bau-styl.hu\/epitoanyag\/wp-json\/wp\/v2\/types\/product"}],"wp:featuredmedia":[{"embeddable":true,"href":"https:\/\/www.bau-styl.hu\/epitoanyag\/wp-json\/wp\/v2\/media\/42907"}],"wp:attachment":[{"href":"https:\/\/www.bau-styl.hu\/epitoanyag\/wp-json\/wp\/v2\/media?parent=43129"}],"wp:term":[{"taxonomy":"product_brand","embeddable":true,"href":"https:\/\/www.bau-styl.hu\/epitoanyag\/wp-json\/wp\/v2\/product_brand?post=43129"},{"taxonomy":"product_cat","embeddable":true,"href":"https:\/\/www.bau-styl.hu\/epitoanyag\/wp-json\/wp\/v2\/product_cat?post=43129"},{"taxonomy":"product_tag","embeddable":true,"href":"https:\/\/www.bau-styl.hu\/epitoanyag\/wp-json\/wp\/v2\/product_tag?post=43129"}],"curies":[{"name":"wp","href":"https:\/\/api.w.org\/{rel}","templated":true}]}}