{"id":43144,"date":"2025-05-26T06:59:12","date_gmt":"2025-05-26T04:59:12","guid":{"rendered":"https:\/\/www.bau-styl.hu\/epitoanyag\/?post_type=product&#038;p=43144"},"modified":"2026-04-20T12:14:12","modified_gmt":"2026-04-20T10:14:12","slug":"semmelrock-asti-natura-lap-sotetszurke-60x30x38-cm","status":"publish","type":"product","link":"https:\/\/www.bau-styl.hu\/epitoanyag\/termek\/semmelrock-asti-natura-lap-sotetszurke-60x30x38-cm\/","title":{"rendered":"Semmelrock Asti Natura Lap s\u00f6t\u00e9tsz\u00fcrke 60x30x3,8 cm"},"content":{"rendered":"","protected":false},"excerpt":{"rendered":"<p>Eleg\u00e1ns, s\u00f6t\u00e9tsz\u00fcrke, nagym\u00e9ret\u0171 j\u00e1r\u00f3lap a letisztult diz\u00e1jn kedvel\u0151inek. A k\u00f6zkedvelt sz\u00fcrke \u00e1rnyalatok \u00e9s az \u00e9lt\u00f6r\u00e9s n\u00e9lk\u00fcli sz\u00e9lek minimalista st\u00edlust, ugyanakkor exkluz\u00edv jelleget k\u00f6lcs\u00f6n\u00f6znek a t\u00e9rburkolatnak.<br \/>\nAlkalmaz\u00e1sa:<br \/>\n&#8211; teraszok, udvarok, h\u00e1z k\u00f6r\u00fcli utak<br \/>\n&#8211; bej\u00e1ratok<br \/>\n&#8211; t\u00e9likertek, bemutat\u00f3kertek<br \/>\n&#8211; bels\u0151 udvarok<\/p>\n","protected":false},"featured_media":42853,"template":"","meta":[],"product_brand":[11304],"product_cat":[168,175],"product_tag":[],"class_list":{"0":"post-43144","1":"product","2":"type-product","3":"status-publish","4":"has-post-thumbnail","6":"product_brand-semmelrock","7":"product_cat-kertepites-es-terburkolat","8":"product_cat-terkovek","10":"first","11":"instock","12":"taxable","13":"shipping-taxable","14":"purchasable","15":"product-type-simple"},"aioseo_notices":[],"_links":{"self":[{"href":"https:\/\/www.bau-styl.hu\/epitoanyag\/wp-json\/wp\/v2\/product\/43144","targetHints":{"allow":["GET"]}}],"collection":[{"href":"https:\/\/www.bau-styl.hu\/epitoanyag\/wp-json\/wp\/v2\/product"}],"about":[{"href":"https:\/\/www.bau-styl.hu\/epitoanyag\/wp-json\/wp\/v2\/types\/product"}],"wp:featuredmedia":[{"embeddable":true,"href":"https:\/\/www.bau-styl.hu\/epitoanyag\/wp-json\/wp\/v2\/media\/42853"}],"wp:attachment":[{"href":"https:\/\/www.bau-styl.hu\/epitoanyag\/wp-json\/wp\/v2\/media?parent=43144"}],"wp:term":[{"taxonomy":"product_brand","embeddable":true,"href":"https:\/\/www.bau-styl.hu\/epitoanyag\/wp-json\/wp\/v2\/product_brand?post=43144"},{"taxonomy":"product_cat","embeddable":true,"href":"https:\/\/www.bau-styl.hu\/epitoanyag\/wp-json\/wp\/v2\/product_cat?post=43144"},{"taxonomy":"product_tag","embeddable":true,"href":"https:\/\/www.bau-styl.hu\/epitoanyag\/wp-json\/wp\/v2\/product_tag?post=43144"}],"curies":[{"name":"wp","href":"https:\/\/api.w.org\/{rel}","templated":true}]}}