{"id":43145,"date":"2025-05-26T06:59:12","date_gmt":"2025-05-26T04:59:12","guid":{"rendered":"https:\/\/www.bau-styl.hu\/epitoanyag\/?post_type=product&#038;p=43145"},"modified":"2026-04-20T12:14:12","modified_gmt":"2026-04-20T10:14:12","slug":"semmelrock-bradstone-lias-lap-alapcsomag-hamuszurke-66-m2","status":"publish","type":"product","link":"https:\/\/www.bau-styl.hu\/epitoanyag\/termek\/semmelrock-bradstone-lias-lap-alapcsomag-hamuszurke-66-m2\/","title":{"rendered":"Semmelrock Bradstone Lias Lap alapcsomag hamusz\u00fcrke 6,6 m2"},"content":{"rendered":"","protected":false},"excerpt":{"rendered":"<p>A lapok term\u00e9szetesen struktur\u00e1lt fel\u00fclet\u00fckkel, intenz\u00edv sz\u00edn\u00e1rnyalataikkal leny\u0171g\u00f6z\u0151 hat\u00e1st keltenek. Az autentikus m\u00e9ret\u0171 lapok a hagyom\u00e1nyos st\u00edlus \u00e9s a modern diz\u00e1jn t\u00f6k\u00e9letes \u00f6tv\u00f6zetei. Keskeny fuga t\u00e1vols\u00e1ggal alkalmazva m\u00e9g ink\u00e1bb eleg\u00e1nss\u00e1 var\u00e1zsolj\u00e1k kertje k\u00fcllem\u00e9t. Gyalogos forgalomra aj\u00e1nlott.<br \/>\nM\u00e9ret Bradstone Lias (3,5 cm) alapcsomag (6,6 m2):<br \/>\n80 x 60 cm \u2013 3 db<br \/>\n80 x 40 cm \u2013 4 db<br \/>\n60 x 60 cm \u2013 3 db<br \/>\n60 x 40 cm \u2013 9 db<br \/>\n40 x 40 cm \u2013 4 db<\/p>\n","protected":false},"featured_media":42921,"template":"","meta":[],"product_brand":[11304],"product_cat":[168,175],"product_tag":[],"class_list":{"0":"post-43145","1":"product","2":"type-product","3":"status-publish","4":"has-post-thumbnail","6":"product_brand-semmelrock","7":"product_cat-kertepites-es-terburkolat","8":"product_cat-terkovek","10":"first","11":"instock","12":"taxable","13":"shipping-taxable","14":"purchasable","15":"product-type-simple"},"aioseo_notices":[],"_links":{"self":[{"href":"https:\/\/www.bau-styl.hu\/epitoanyag\/wp-json\/wp\/v2\/product\/43145","targetHints":{"allow":["GET"]}}],"collection":[{"href":"https:\/\/www.bau-styl.hu\/epitoanyag\/wp-json\/wp\/v2\/product"}],"about":[{"href":"https:\/\/www.bau-styl.hu\/epitoanyag\/wp-json\/wp\/v2\/types\/product"}],"wp:featuredmedia":[{"embeddable":true,"href":"https:\/\/www.bau-styl.hu\/epitoanyag\/wp-json\/wp\/v2\/media\/42921"}],"wp:attachment":[{"href":"https:\/\/www.bau-styl.hu\/epitoanyag\/wp-json\/wp\/v2\/media?parent=43145"}],"wp:term":[{"taxonomy":"product_brand","embeddable":true,"href":"https:\/\/www.bau-styl.hu\/epitoanyag\/wp-json\/wp\/v2\/product_brand?post=43145"},{"taxonomy":"product_cat","embeddable":true,"href":"https:\/\/www.bau-styl.hu\/epitoanyag\/wp-json\/wp\/v2\/product_cat?post=43145"},{"taxonomy":"product_tag","embeddable":true,"href":"https:\/\/www.bau-styl.hu\/epitoanyag\/wp-json\/wp\/v2\/product_tag?post=43145"}],"curies":[{"name":"wp","href":"https:\/\/api.w.org\/{rel}","templated":true}]}}