{"id":43147,"date":"2025-05-26T06:59:12","date_gmt":"2025-05-26T04:59:12","guid":{"rendered":"https:\/\/www.bau-styl.hu\/epitoanyag\/?post_type=product&#038;p=43147"},"modified":"2026-04-20T12:14:12","modified_gmt":"2026-04-20T10:14:12","slug":"semmelrock-bradstone-lias-medence-szegely-sarokelem-hamuszurke-45x45x33-58-cm","status":"publish","type":"product","link":"https:\/\/www.bau-styl.hu\/epitoanyag\/termek\/semmelrock-bradstone-lias-medence-szegely-sarokelem-hamuszurke-45x45x33-58-cm\/","title":{"rendered":"Semmelrock Bradstone Lias Medence szeg\u00e9ly sarokelem hamusz\u00fcrke 45x45x3,3-5,8 cm"},"content":{"rendered":"","protected":false},"excerpt":{"rendered":"<p>A medenceszeg\u00e9lyek fontos szerepet j\u00e1tszanak a medence megjelen\u00e9s\u00e9nek kialak\u00edt\u00e1s\u00e1ban, ami k\u00fcl\u00f6n\u00f6sen igaz a Bradstone Lias medenceszeg\u00e9ly eset\u00e9ben, mely egyszerre a hagyom\u00e1nyos \u00e9s a mediterr\u00e1n st\u00edlus t\u00f6k\u00e9letes \u00f6tv\u00f6zete. Azon k\u00edv\u00fcl hogy keretet ad a medenc\u00e9nek, struktur\u00e1lt fel\u00fclet\u00e9nek k\u00f6sz\u00f6nhet\u0151en biztons\u00e1gosabb\u00e1 teszi a medence haszn\u00e1lat\u00e1t is.<\/p>\n","protected":false},"featured_media":42937,"template":"","meta":[],"product_brand":[11304],"product_cat":[168,175],"product_tag":[],"class_list":{"0":"post-43147","1":"product","2":"type-product","3":"status-publish","4":"has-post-thumbnail","6":"product_brand-semmelrock","7":"product_cat-kertepites-es-terburkolat","8":"product_cat-terkovek","10":"first","11":"instock","12":"taxable","13":"shipping-taxable","14":"purchasable","15":"product-type-simple"},"aioseo_notices":[],"_links":{"self":[{"href":"https:\/\/www.bau-styl.hu\/epitoanyag\/wp-json\/wp\/v2\/product\/43147","targetHints":{"allow":["GET"]}}],"collection":[{"href":"https:\/\/www.bau-styl.hu\/epitoanyag\/wp-json\/wp\/v2\/product"}],"about":[{"href":"https:\/\/www.bau-styl.hu\/epitoanyag\/wp-json\/wp\/v2\/types\/product"}],"wp:featuredmedia":[{"embeddable":true,"href":"https:\/\/www.bau-styl.hu\/epitoanyag\/wp-json\/wp\/v2\/media\/42937"}],"wp:attachment":[{"href":"https:\/\/www.bau-styl.hu\/epitoanyag\/wp-json\/wp\/v2\/media?parent=43147"}],"wp:term":[{"taxonomy":"product_brand","embeddable":true,"href":"https:\/\/www.bau-styl.hu\/epitoanyag\/wp-json\/wp\/v2\/product_brand?post=43147"},{"taxonomy":"product_cat","embeddable":true,"href":"https:\/\/www.bau-styl.hu\/epitoanyag\/wp-json\/wp\/v2\/product_cat?post=43147"},{"taxonomy":"product_tag","embeddable":true,"href":"https:\/\/www.bau-styl.hu\/epitoanyag\/wp-json\/wp\/v2\/product_tag?post=43147"}],"curies":[{"name":"wp","href":"https:\/\/api.w.org\/{rel}","templated":true}]}}