{"id":43148,"date":"2025-05-26T06:59:12","date_gmt":"2025-05-26T04:59:12","guid":{"rendered":"https:\/\/www.bau-styl.hu\/epitoanyag\/?post_type=product&#038;p=43148"},"modified":"2026-04-20T12:14:12","modified_gmt":"2026-04-20T10:14:12","slug":"semmelrock-bradstone-old-town-lap-alapcsomag-meszkofeher-607-m2","status":"publish","type":"product","link":"https:\/\/www.bau-styl.hu\/epitoanyag\/termek\/semmelrock-bradstone-old-town-lap-alapcsomag-meszkofeher-607-m2\/","title":{"rendered":"Semmelrock Bradstone Old Town Lap alapcsomag m\u00e9szk\u0151feh\u00e9r 6,07 m2"},"content":{"rendered":"","protected":false},"excerpt":{"rendered":"<p>K\u00fcl\u00f6nleges, m\u00e9szk\u0151feh\u00e9r, mediterr\u00e1n st\u00edlus\u00fa j\u00e1r\u00f3lap szab\u00e1lytalan \u00e9lekkel \u00e9s meleg sz\u00edn\u00e1rnyalatokban, amelyek csak fokozz\u00e1k a term\u00e9szetes hat\u00e1st.<br \/>\nAlkalmaz\u00e1sa:<br \/>\n&#8211; teraszok, udvarok, h\u00e1z k\u00f6r\u00fcli utak<br \/>\n&#8211; bej\u00e1ratok<br \/>\n&#8211; t\u00e9likertek, bemutat\u00f3kertek<br \/>\n&#8211; bels\u0151 udvarok, \u00e1rk\u00e1dok, \u00e1tj\u00e1r\u00f3k<\/p>\n","protected":false},"featured_media":42916,"template":"","meta":[],"product_brand":[11304],"product_cat":[168,175],"product_tag":[],"class_list":{"0":"post-43148","1":"product","2":"type-product","3":"status-publish","4":"has-post-thumbnail","6":"product_brand-semmelrock","7":"product_cat-kertepites-es-terburkolat","8":"product_cat-terkovek","10":"first","11":"instock","12":"taxable","13":"shipping-taxable","14":"purchasable","15":"product-type-simple"},"aioseo_notices":[],"_links":{"self":[{"href":"https:\/\/www.bau-styl.hu\/epitoanyag\/wp-json\/wp\/v2\/product\/43148","targetHints":{"allow":["GET"]}}],"collection":[{"href":"https:\/\/www.bau-styl.hu\/epitoanyag\/wp-json\/wp\/v2\/product"}],"about":[{"href":"https:\/\/www.bau-styl.hu\/epitoanyag\/wp-json\/wp\/v2\/types\/product"}],"wp:featuredmedia":[{"embeddable":true,"href":"https:\/\/www.bau-styl.hu\/epitoanyag\/wp-json\/wp\/v2\/media\/42916"}],"wp:attachment":[{"href":"https:\/\/www.bau-styl.hu\/epitoanyag\/wp-json\/wp\/v2\/media?parent=43148"}],"wp:term":[{"taxonomy":"product_brand","embeddable":true,"href":"https:\/\/www.bau-styl.hu\/epitoanyag\/wp-json\/wp\/v2\/product_brand?post=43148"},{"taxonomy":"product_cat","embeddable":true,"href":"https:\/\/www.bau-styl.hu\/epitoanyag\/wp-json\/wp\/v2\/product_cat?post=43148"},{"taxonomy":"product_tag","embeddable":true,"href":"https:\/\/www.bau-styl.hu\/epitoanyag\/wp-json\/wp\/v2\/product_tag?post=43148"}],"curies":[{"name":"wp","href":"https:\/\/api.w.org\/{rel}","templated":true}]}}