{"id":43151,"date":"2025-05-26T06:59:12","date_gmt":"2025-05-26T04:59:12","guid":{"rendered":"https:\/\/www.bau-styl.hu\/epitoanyag\/?post_type=product&#038;p=43151"},"modified":"2026-04-20T12:14:12","modified_gmt":"2026-04-20T10:14:12","slug":"semmelrock-bradstone-travero-lap-homokko-melirozott-40x40x35-cm","status":"publish","type":"product","link":"https:\/\/www.bau-styl.hu\/epitoanyag\/termek\/semmelrock-bradstone-travero-lap-homokko-melirozott-40x40x35-cm\/","title":{"rendered":"Semmelrock Bradstone Travero Lap homokk\u0151 mel\u00edrozott 40x40x3,5 cm"},"content":{"rendered":"","protected":false},"excerpt":{"rendered":"<p>Struktur\u00e1lt fel\u00fclet\u0171, homokk\u0151 sz\u00edn\u0171, mediterr\u00e1n st\u00edlus\u00fa medenceszeg\u00e9ly alapelem, amely szab\u00e1lytalan \u00e9leivel \u00e9s k\u00fcl\u00f6nleges, mel\u00edrozott, b\u00e9zs \u00e1rnyalat\u00e1val k\u00fcl\u00f6nleges atmoszf\u00e9r\u00e1t k\u00f6lcs\u00f6n\u00f6z medenc\u00e9j\u00e9nek.<br \/>\nAlkalmaz\u00e1sa:<br \/>\n&#8211; medenc\u00e9k<\/p>\n","protected":false},"featured_media":42860,"template":"","meta":[],"product_brand":[11304],"product_cat":[168,175],"product_tag":[],"class_list":{"0":"post-43151","1":"product","2":"type-product","3":"status-publish","4":"has-post-thumbnail","6":"product_brand-semmelrock","7":"product_cat-kertepites-es-terburkolat","8":"product_cat-terkovek","10":"first","11":"instock","12":"taxable","13":"shipping-taxable","14":"purchasable","15":"product-type-simple"},"aioseo_notices":[],"_links":{"self":[{"href":"https:\/\/www.bau-styl.hu\/epitoanyag\/wp-json\/wp\/v2\/product\/43151","targetHints":{"allow":["GET"]}}],"collection":[{"href":"https:\/\/www.bau-styl.hu\/epitoanyag\/wp-json\/wp\/v2\/product"}],"about":[{"href":"https:\/\/www.bau-styl.hu\/epitoanyag\/wp-json\/wp\/v2\/types\/product"}],"wp:featuredmedia":[{"embeddable":true,"href":"https:\/\/www.bau-styl.hu\/epitoanyag\/wp-json\/wp\/v2\/media\/42860"}],"wp:attachment":[{"href":"https:\/\/www.bau-styl.hu\/epitoanyag\/wp-json\/wp\/v2\/media?parent=43151"}],"wp:term":[{"taxonomy":"product_brand","embeddable":true,"href":"https:\/\/www.bau-styl.hu\/epitoanyag\/wp-json\/wp\/v2\/product_brand?post=43151"},{"taxonomy":"product_cat","embeddable":true,"href":"https:\/\/www.bau-styl.hu\/epitoanyag\/wp-json\/wp\/v2\/product_cat?post=43151"},{"taxonomy":"product_tag","embeddable":true,"href":"https:\/\/www.bau-styl.hu\/epitoanyag\/wp-json\/wp\/v2\/product_tag?post=43151"}],"curies":[{"name":"wp","href":"https:\/\/api.w.org\/{rel}","templated":true}]}}