{"id":43157,"date":"2025-05-26T06:59:12","date_gmt":"2025-05-26T04:59:12","guid":{"rendered":"https:\/\/www.bau-styl.hu\/epitoanyag\/?post_type=product&#038;p=43157"},"modified":"2026-04-20T15:23:33","modified_gmt":"2026-04-20T13:23:33","slug":"semmelrock-la-linia-lap-bazaltantracit-40x40x38-cm","status":"publish","type":"product","link":"https:\/\/www.bau-styl.hu\/epitoanyag\/termek\/semmelrock-la-linia-lap-bazaltantracit-40x40x38-cm\/","title":{"rendered":"Semmelrock La Linia Lap bazaltantracit 40x40x3,8 cm"},"content":{"rendered":"","protected":false},"excerpt":{"rendered":"<p>Bazaltantracit sz\u00edn\u0171, term\u00e9szetes hat\u00e1s\u00fa, finommosott fel\u00fclet\u0171, nemesen egyszer\u0171, term\u00e9sk\u0151k\u0151z\u00fazal\u00e9k felhaszn\u00e1l\u00e1s\u00e1val k\u00e9sz\u00fclt j\u00e1r\u00f3lap, a klasszikus \u00e9s eleg\u00e1ns st\u00edlus kedvel\u0151inek.<br \/>\nAlkalmaz\u00e1sa:<br \/>\n&#8211; teraszok, udvarok, h\u00e1z k\u00f6r\u00fcli utak<br \/>\n&#8211; bej\u00e1ratok<br \/>\n&#8211; t\u00e9likertek, bemutat\u00f3kertek<br \/>\n&#8211; bels\u0151 udvarok<\/p>\n","protected":false},"featured_media":42872,"template":"","meta":[],"product_brand":[11304],"product_cat":[168,5044],"product_tag":[],"class_list":{"0":"post-43157","1":"product","2":"type-product","3":"status-publish","4":"has-post-thumbnail","6":"product_brand-semmelrock","7":"product_cat-kertepites-es-terburkolat","8":"product_cat-kerti-lapok","10":"first","11":"instock","12":"taxable","13":"shipping-taxable","14":"purchasable","15":"product-type-simple"},"aioseo_notices":[],"_links":{"self":[{"href":"https:\/\/www.bau-styl.hu\/epitoanyag\/wp-json\/wp\/v2\/product\/43157","targetHints":{"allow":["GET"]}}],"collection":[{"href":"https:\/\/www.bau-styl.hu\/epitoanyag\/wp-json\/wp\/v2\/product"}],"about":[{"href":"https:\/\/www.bau-styl.hu\/epitoanyag\/wp-json\/wp\/v2\/types\/product"}],"wp:featuredmedia":[{"embeddable":true,"href":"https:\/\/www.bau-styl.hu\/epitoanyag\/wp-json\/wp\/v2\/media\/42872"}],"wp:attachment":[{"href":"https:\/\/www.bau-styl.hu\/epitoanyag\/wp-json\/wp\/v2\/media?parent=43157"}],"wp:term":[{"taxonomy":"product_brand","embeddable":true,"href":"https:\/\/www.bau-styl.hu\/epitoanyag\/wp-json\/wp\/v2\/product_brand?post=43157"},{"taxonomy":"product_cat","embeddable":true,"href":"https:\/\/www.bau-styl.hu\/epitoanyag\/wp-json\/wp\/v2\/product_cat?post=43157"},{"taxonomy":"product_tag","embeddable":true,"href":"https:\/\/www.bau-styl.hu\/epitoanyag\/wp-json\/wp\/v2\/product_tag?post=43157"}],"curies":[{"name":"wp","href":"https:\/\/api.w.org\/{rel}","templated":true}]}}