{"id":43159,"date":"2025-05-26T06:59:12","date_gmt":"2025-05-26T04:59:12","guid":{"rendered":"https:\/\/www.bau-styl.hu\/epitoanyag\/?post_type=product&#038;p=43159"},"modified":"2026-04-20T15:24:11","modified_gmt":"2026-04-20T13:24:11","slug":"semmelrock-bradstone-lusso-tivoli-lap-ezustszurke-60x30x45-cm","status":"publish","type":"product","link":"https:\/\/www.bau-styl.hu\/epitoanyag\/termek\/semmelrock-bradstone-lusso-tivoli-lap-ezustszurke-60x30x45-cm\/","title":{"rendered":"Semmelrock Bradstone Lusso Tivoli Lap ez\u00fcstsz\u00fcrke 60x30x4,5 cm"},"content":{"rendered":"","protected":false},"excerpt":{"rendered":"<p>Diszkr\u00e9ten eleg\u00e1ns, ez\u00fcstsz\u00fcrke sz\u00edn\u0171, m\u00e9szk\u0151h\u00f6z hasonl\u00f3 fel\u00fclet\u0171 j\u00e1r\u00f3lap, amely tiszta form\u00e1j\u00e1val \u00e9s finoman csiszolt optik\u00e1j\u00e1val a tradicion\u00e1lis st\u00edlust \u00f6tv\u00f6zi a modern eszt\u00e9tik\u00e1val. K\u00e9t m\u00e9retben el\u00e9rhet\u0151: 90x30x4,5 cm ; 30x30x4,5 cm.<br \/>\nAlkalmaz\u00e1sa:<br \/>\n&#8211; teraszok, udvarok, h\u00e1z k\u00f6r\u00fcli utak<br \/>\n&#8211; bej\u00e1ratok<br \/>\n&#8211; t\u00e9likertek, bemutat\u00f3kertek<br \/>\n&#8211; bels\u0151 udvarok<br \/>\n&#8211; gyalogos j\u00e1rda burkolat<\/p>\n","protected":false},"featured_media":42856,"template":"","meta":[],"product_brand":[11304],"product_cat":[168,5044,175],"product_tag":[],"class_list":{"0":"post-43159","1":"product","2":"type-product","3":"status-publish","4":"has-post-thumbnail","6":"product_brand-semmelrock","7":"product_cat-kertepites-es-terburkolat","8":"product_cat-kerti-lapok","9":"product_cat-terkovek","11":"first","12":"instock","13":"taxable","14":"shipping-taxable","15":"purchasable","16":"product-type-simple"},"aioseo_notices":[],"_links":{"self":[{"href":"https:\/\/www.bau-styl.hu\/epitoanyag\/wp-json\/wp\/v2\/product\/43159","targetHints":{"allow":["GET"]}}],"collection":[{"href":"https:\/\/www.bau-styl.hu\/epitoanyag\/wp-json\/wp\/v2\/product"}],"about":[{"href":"https:\/\/www.bau-styl.hu\/epitoanyag\/wp-json\/wp\/v2\/types\/product"}],"wp:featuredmedia":[{"embeddable":true,"href":"https:\/\/www.bau-styl.hu\/epitoanyag\/wp-json\/wp\/v2\/media\/42856"}],"wp:attachment":[{"href":"https:\/\/www.bau-styl.hu\/epitoanyag\/wp-json\/wp\/v2\/media?parent=43159"}],"wp:term":[{"taxonomy":"product_brand","embeddable":true,"href":"https:\/\/www.bau-styl.hu\/epitoanyag\/wp-json\/wp\/v2\/product_brand?post=43159"},{"taxonomy":"product_cat","embeddable":true,"href":"https:\/\/www.bau-styl.hu\/epitoanyag\/wp-json\/wp\/v2\/product_cat?post=43159"},{"taxonomy":"product_tag","embeddable":true,"href":"https:\/\/www.bau-styl.hu\/epitoanyag\/wp-json\/wp\/v2\/product_tag?post=43159"}],"curies":[{"name":"wp","href":"https:\/\/api.w.org\/{rel}","templated":true}]}}