{"id":43163,"date":"2025-05-26T06:59:12","date_gmt":"2025-05-26T04:59:12","guid":{"rendered":"https:\/\/www.bau-styl.hu\/epitoanyag\/?post_type=product&#038;p=43163"},"modified":"2026-04-20T15:25:31","modified_gmt":"2026-04-20T13:25:31","slug":"semmelrock-lusso-vulcano-lap-tufaszurke-60x30x4-cm","status":"publish","type":"product","link":"https:\/\/www.bau-styl.hu\/epitoanyag\/termek\/semmelrock-lusso-vulcano-lap-tufaszurke-60x30x4-cm\/","title":{"rendered":"Semmelrock Lusso Vulcano Lap tufasz\u00fcrke 60x30x4 cm"},"content":{"rendered":"","protected":false},"excerpt":{"rendered":"<p>Egyedi text\u00far\u00e1j\u00fa, klasszikusan eleg\u00e1ns, vulk\u00e1ni tufasz\u00fcrke sz\u00edn\u0171, kifinomult fel\u00fclet\u0171 j\u00e1r\u00f3lap, amely j\u00f3l illeszkedik a modern st\u00edlus\u00fa k\u00f6rnyezetbe. T\u00f6bb m\u00e9retben el\u00e9rhet\u0151: 90x30x4 cm ; 60x30x4 cm ; 30x30x4 cm.<br \/>\nAlkalmaz\u00e1sa:<br \/>\n&#8211; teraszok, udvarok, h\u00e1z k\u00f6r\u00fcli utak<br \/>\n&#8211; bej\u00e1ratok<br \/>\n&#8211; t\u00e9likertek, bemutat\u00f3kertek<br \/>\n&#8211; bels\u0151 udvarok<\/p>\n","protected":false},"featured_media":42946,"template":"","meta":[],"product_brand":[11304],"product_cat":[168,5044,175],"product_tag":[],"class_list":{"0":"post-43163","1":"product","2":"type-product","3":"status-publish","4":"has-post-thumbnail","6":"product_brand-semmelrock","7":"product_cat-kertepites-es-terburkolat","8":"product_cat-kerti-lapok","9":"product_cat-terkovek","11":"first","12":"instock","13":"taxable","14":"shipping-taxable","15":"purchasable","16":"product-type-simple"},"aioseo_notices":[],"_links":{"self":[{"href":"https:\/\/www.bau-styl.hu\/epitoanyag\/wp-json\/wp\/v2\/product\/43163","targetHints":{"allow":["GET"]}}],"collection":[{"href":"https:\/\/www.bau-styl.hu\/epitoanyag\/wp-json\/wp\/v2\/product"}],"about":[{"href":"https:\/\/www.bau-styl.hu\/epitoanyag\/wp-json\/wp\/v2\/types\/product"}],"wp:featuredmedia":[{"embeddable":true,"href":"https:\/\/www.bau-styl.hu\/epitoanyag\/wp-json\/wp\/v2\/media\/42946"}],"wp:attachment":[{"href":"https:\/\/www.bau-styl.hu\/epitoanyag\/wp-json\/wp\/v2\/media?parent=43163"}],"wp:term":[{"taxonomy":"product_brand","embeddable":true,"href":"https:\/\/www.bau-styl.hu\/epitoanyag\/wp-json\/wp\/v2\/product_brand?post=43163"},{"taxonomy":"product_cat","embeddable":true,"href":"https:\/\/www.bau-styl.hu\/epitoanyag\/wp-json\/wp\/v2\/product_cat?post=43163"},{"taxonomy":"product_tag","embeddable":true,"href":"https:\/\/www.bau-styl.hu\/epitoanyag\/wp-json\/wp\/v2\/product_tag?post=43163"}],"curies":[{"name":"wp","href":"https:\/\/api.w.org\/{rel}","templated":true}]}}