{"id":43177,"date":"2025-05-26T06:59:12","date_gmt":"2025-05-26T04:59:12","guid":{"rendered":"https:\/\/www.bau-styl.hu\/epitoanyag\/?post_type=product&#038;p=43177"},"modified":"2026-04-20T15:48:51","modified_gmt":"2026-04-20T13:48:51","slug":"semmelrock-rivago-keriteselem-felko-fustszurke-20x20x16-cm","status":"publish","type":"product","link":"https:\/\/www.bau-styl.hu\/epitoanyag\/termek\/semmelrock-rivago-keriteselem-felko-fustszurke-20x20x16-cm\/","title":{"rendered":"Semmelrock Rivago ker\u00edt\u00e9selem f\u00e9lk\u0151 f\u00fcstsz\u00fcrke 20x20x16 cm"},"content":{"rendered":"","protected":false},"excerpt":{"rendered":"<p>Mel\u00edrozott, f\u00fcstsz\u00fcrke sz\u00edn\u0171, modern st\u00edlus\u00fa, nyersbeton fel\u00fclet\u0171, egyszer\u0171en \u00e9p\u00edthet\u0151 ker\u00edt\u00e9srendszer, amely letisztult eleganci\u00e1j\u00e1val minden \u00e9p\u00edt\u00e9szeti st\u00edlushoz illik, \u00e9s mindenkit meggy\u0151z.<br \/>\nAlkalmaz\u00e1sa:<br \/>\n&#8211; telekhat\u00e1rol\u00e1s, falaz\u00f3k\u0151<br \/>\n&#8211; ker\u00edt\u00e9s falaz\u00f3blokk<br \/>\n&#8211; dekorat\u00edv oszlopok, pill\u00e9rek<br \/>\n&#8211; r\u00f6gz\u00edtett l\u00e9pcs\u0151k oldals\u00f3 hat\u00e1rol\u00e1sa<br \/>\n&#8211; \u00e9p\u00edtett grillez\u0151k, szalonnas\u00fct\u0151k, kerti bogr\u00e1csoz\u00f3k \u00e9s s\u00fct\u00f6get\u0151k, \u00fcl\u0151helyek<br \/>\n&#8211; magas\u00edtott \u00e1gy\u00e1sok<br \/>\nM\u00e9retei:<br \/>\n&#8211; Nagyk\u0151 (60x20x16)<br \/>\n&#8211; Norm\u00e1lk\u0151 (40x20x16)<br \/>\n&#8211; F\u00e9lk\u0151 (20x20x16)<br \/>\n&#8211; Fedlap (47x27x5)<\/p>\n","protected":false},"featured_media":43002,"template":"","meta":[],"product_brand":[11304],"product_cat":[168,169],"product_tag":[],"class_list":{"0":"post-43177","1":"product","2":"type-product","3":"status-publish","4":"has-post-thumbnail","6":"product_brand-semmelrock","7":"product_cat-kertepites-es-terburkolat","8":"product_cat-keritesek-falazoelemek-tamfalak","10":"first","11":"instock","12":"taxable","13":"shipping-taxable","14":"purchasable","15":"product-type-simple"},"aioseo_notices":[],"_links":{"self":[{"href":"https:\/\/www.bau-styl.hu\/epitoanyag\/wp-json\/wp\/v2\/product\/43177","targetHints":{"allow":["GET"]}}],"collection":[{"href":"https:\/\/www.bau-styl.hu\/epitoanyag\/wp-json\/wp\/v2\/product"}],"about":[{"href":"https:\/\/www.bau-styl.hu\/epitoanyag\/wp-json\/wp\/v2\/types\/product"}],"wp:featuredmedia":[{"embeddable":true,"href":"https:\/\/www.bau-styl.hu\/epitoanyag\/wp-json\/wp\/v2\/media\/43002"}],"wp:attachment":[{"href":"https:\/\/www.bau-styl.hu\/epitoanyag\/wp-json\/wp\/v2\/media?parent=43177"}],"wp:term":[{"taxonomy":"product_brand","embeddable":true,"href":"https:\/\/www.bau-styl.hu\/epitoanyag\/wp-json\/wp\/v2\/product_brand?post=43177"},{"taxonomy":"product_cat","embeddable":true,"href":"https:\/\/www.bau-styl.hu\/epitoanyag\/wp-json\/wp\/v2\/product_cat?post=43177"},{"taxonomy":"product_tag","embeddable":true,"href":"https:\/\/www.bau-styl.hu\/epitoanyag\/wp-json\/wp\/v2\/product_tag?post=43177"}],"curies":[{"name":"wp","href":"https:\/\/api.w.org\/{rel}","templated":true}]}}