{"id":43205,"date":"2025-05-26T06:59:12","date_gmt":"2025-05-26T04:59:12","guid":{"rendered":"https:\/\/www.bau-styl.hu\/epitoanyag\/?post_type=product&#038;p=43205"},"modified":"2026-04-20T16:04:43","modified_gmt":"2026-04-20T14:04:43","slug":"semmelrock-steinfix-rogzito-szog-240-mm","status":"publish","type":"product","link":"https:\/\/www.bau-styl.hu\/epitoanyag\/termek\/semmelrock-steinfix-rogzito-szog-240-mm\/","title":{"rendered":"Semmelrock Steinfix r\u00f6gz\u00edt\u0151 sz\u00f6g 240 mm"},"content":{"rendered":"","protected":false},"excerpt":{"rendered":"<p>R\u00f6gz\u00edt\u0151szeg h\u00e1l\u00f3 n\u00e9lk\u00fcli Steinfix szeg\u00e9ly r\u00f6gz\u00edt\u00e9s\u00e9hez.<br \/>\n60 db\/ csomag (A term\u00e9ket eg\u00e9sz csomagra \u00e9rt\u00e9kes\u00edtj\u00fck.)<\/p>\n","protected":false},"featured_media":42984,"template":"","meta":[],"product_brand":[11304],"product_cat":[168,171],"product_tag":[],"class_list":{"0":"post-43205","1":"product","2":"type-product","3":"status-publish","4":"has-post-thumbnail","6":"product_brand-semmelrock","7":"product_cat-kertepites-es-terburkolat","8":"product_cat-szegelykovek","10":"first","11":"instock","12":"taxable","13":"shipping-taxable","14":"purchasable","15":"product-type-simple"},"aioseo_notices":[],"_links":{"self":[{"href":"https:\/\/www.bau-styl.hu\/epitoanyag\/wp-json\/wp\/v2\/product\/43205","targetHints":{"allow":["GET"]}}],"collection":[{"href":"https:\/\/www.bau-styl.hu\/epitoanyag\/wp-json\/wp\/v2\/product"}],"about":[{"href":"https:\/\/www.bau-styl.hu\/epitoanyag\/wp-json\/wp\/v2\/types\/product"}],"wp:featuredmedia":[{"embeddable":true,"href":"https:\/\/www.bau-styl.hu\/epitoanyag\/wp-json\/wp\/v2\/media\/42984"}],"wp:attachment":[{"href":"https:\/\/www.bau-styl.hu\/epitoanyag\/wp-json\/wp\/v2\/media?parent=43205"}],"wp:term":[{"taxonomy":"product_brand","embeddable":true,"href":"https:\/\/www.bau-styl.hu\/epitoanyag\/wp-json\/wp\/v2\/product_brand?post=43205"},{"taxonomy":"product_cat","embeddable":true,"href":"https:\/\/www.bau-styl.hu\/epitoanyag\/wp-json\/wp\/v2\/product_cat?post=43205"},{"taxonomy":"product_tag","embeddable":true,"href":"https:\/\/www.bau-styl.hu\/epitoanyag\/wp-json\/wp\/v2\/product_tag?post=43205"}],"curies":[{"name":"wp","href":"https:\/\/api.w.org\/{rel}","templated":true}]}}