{"id":43211,"date":"2025-05-26T06:59:12","date_gmt":"2025-05-26T04:59:12","guid":{"rendered":"https:\/\/www.bau-styl.hu\/epitoanyag\/?post_type=product&#038;p=43211"},"modified":"2026-04-20T16:05:32","modified_gmt":"2026-04-20T14:05:32","slug":"semmelrock-utszegely-kiemelt-koporeteggel-szurke-15x25x25-cm","status":"publish","type":"product","link":"https:\/\/www.bau-styl.hu\/epitoanyag\/termek\/semmelrock-utszegely-kiemelt-koporeteggel-szurke-15x25x25-cm\/","title":{"rendered":"Semmelrock \u00datszeg\u00e9ly kiemelt, kop\u00f3r\u00e9teggel sz\u00fcrke 15x25x25 cm"},"content":{"rendered":"","protected":false},"excerpt":{"rendered":"<p>Gyorsan be\u00e9p\u00edthet\u0151, sz\u00fcrke sz\u00edn\u0171, klasszikus st\u00edlus\u00fa \u00fatszeg\u00e9ly k\u00f6zter\u00fcletek, parkol\u00f3k, ipari parkok, utak szeg\u00e9lyez\u00e9s\u00e9re, kvarc kop\u00f3r\u00e9teggel.<br \/>\nAlkalmaz\u00e1sa:<br \/>\n&#8211; parkol\u00f3k<br \/>\n&#8211; utak<br \/>\n&#8211; termin\u00e1lok lez\u00e1r\u00e1sa \u00e9s megt\u00e1maszt\u00e1sa<br \/>\n&#8211; szinthat\u00e1rol\u00e1sok<br \/>\n&#8211; k\u00f6rforgalmak<\/p>\n","protected":false},"featured_media":42889,"template":"","meta":[],"product_brand":[11304],"product_cat":[168,171],"product_tag":[],"class_list":{"0":"post-43211","1":"product","2":"type-product","3":"status-publish","4":"has-post-thumbnail","6":"product_brand-semmelrock","7":"product_cat-kertepites-es-terburkolat","8":"product_cat-szegelykovek","10":"first","11":"instock","12":"taxable","13":"shipping-taxable","14":"purchasable","15":"product-type-simple"},"aioseo_notices":[],"_links":{"self":[{"href":"https:\/\/www.bau-styl.hu\/epitoanyag\/wp-json\/wp\/v2\/product\/43211","targetHints":{"allow":["GET"]}}],"collection":[{"href":"https:\/\/www.bau-styl.hu\/epitoanyag\/wp-json\/wp\/v2\/product"}],"about":[{"href":"https:\/\/www.bau-styl.hu\/epitoanyag\/wp-json\/wp\/v2\/types\/product"}],"wp:featuredmedia":[{"embeddable":true,"href":"https:\/\/www.bau-styl.hu\/epitoanyag\/wp-json\/wp\/v2\/media\/42889"}],"wp:attachment":[{"href":"https:\/\/www.bau-styl.hu\/epitoanyag\/wp-json\/wp\/v2\/media?parent=43211"}],"wp:term":[{"taxonomy":"product_brand","embeddable":true,"href":"https:\/\/www.bau-styl.hu\/epitoanyag\/wp-json\/wp\/v2\/product_brand?post=43211"},{"taxonomy":"product_cat","embeddable":true,"href":"https:\/\/www.bau-styl.hu\/epitoanyag\/wp-json\/wp\/v2\/product_cat?post=43211"},{"taxonomy":"product_tag","embeddable":true,"href":"https:\/\/www.bau-styl.hu\/epitoanyag\/wp-json\/wp\/v2\/product_tag?post=43211"}],"curies":[{"name":"wp","href":"https:\/\/api.w.org\/{rel}","templated":true}]}}