{"id":43218,"date":"2025-05-26T06:59:12","date_gmt":"2025-05-26T04:59:12","guid":{"rendered":"https:\/\/www.bau-styl.hu\/epitoanyag\/?post_type=product&#038;p=43218"},"modified":"2026-04-20T16:18:46","modified_gmt":"2026-04-20T14:18:46","slug":"semmelrock-citytop-paliszad-antracit-100x12x165-cm","status":"publish","type":"product","link":"https:\/\/www.bau-styl.hu\/epitoanyag\/termek\/semmelrock-citytop-paliszad-antracit-100x12x165-cm\/","title":{"rendered":"Semmelrock Citytop Palisz\u00e1d antracit 100x12x16,5 cm"},"content":{"rendered":"","protected":false},"excerpt":{"rendered":"<p>Antracit sz\u00edn\u0171, egyszer\u0171en lerakhat\u00f3, kvarchomokkal kevert, nyersbeton fel\u00fclet\u0171 palisz\u00e1d, diszkr\u00e9t, sz\u00fcrke sz\u00ednben. A kisebb \u00e9s nagyobb m\u00e9ret\u0171 c\u00f6l\u00f6p\u00f6k haszn\u00e1lat\u00e1val okosan, egyszer\u0171en \u00e9s kreat\u00edvan oldhat\u00f3k meg a t\u00e9ralkot\u00e1si feladatok.<br \/>\nAlkalmaz\u00e1sa:<br \/>\n&#8211; utak, kerti utak, j\u00e1rd\u00e1k lez\u00e1r\u00e1sa<br \/>\n&#8211; r\u00f6gz\u00edtett l\u00e9pcs\u0151k<br \/>\n&#8211; szinthat\u00e1rol\u00e1sok, szinteltol\u00e1sok<br \/>\n&#8211; vir\u00e1g\u00e1gy\u00e1sok kialak\u00edt\u00e1sa<\/p>\n","protected":false},"featured_media":42899,"template":"","meta":[],"product_brand":[11304],"product_cat":[168,171],"product_tag":[],"class_list":{"0":"post-43218","1":"product","2":"type-product","3":"status-publish","4":"has-post-thumbnail","6":"product_brand-semmelrock","7":"product_cat-kertepites-es-terburkolat","8":"product_cat-szegelykovek","10":"first","11":"instock","12":"taxable","13":"shipping-taxable","14":"purchasable","15":"product-type-simple"},"aioseo_notices":[],"_links":{"self":[{"href":"https:\/\/www.bau-styl.hu\/epitoanyag\/wp-json\/wp\/v2\/product\/43218","targetHints":{"allow":["GET"]}}],"collection":[{"href":"https:\/\/www.bau-styl.hu\/epitoanyag\/wp-json\/wp\/v2\/product"}],"about":[{"href":"https:\/\/www.bau-styl.hu\/epitoanyag\/wp-json\/wp\/v2\/types\/product"}],"wp:featuredmedia":[{"embeddable":true,"href":"https:\/\/www.bau-styl.hu\/epitoanyag\/wp-json\/wp\/v2\/media\/42899"}],"wp:attachment":[{"href":"https:\/\/www.bau-styl.hu\/epitoanyag\/wp-json\/wp\/v2\/media?parent=43218"}],"wp:term":[{"taxonomy":"product_brand","embeddable":true,"href":"https:\/\/www.bau-styl.hu\/epitoanyag\/wp-json\/wp\/v2\/product_brand?post=43218"},{"taxonomy":"product_cat","embeddable":true,"href":"https:\/\/www.bau-styl.hu\/epitoanyag\/wp-json\/wp\/v2\/product_cat?post=43218"},{"taxonomy":"product_tag","embeddable":true,"href":"https:\/\/www.bau-styl.hu\/epitoanyag\/wp-json\/wp\/v2\/product_tag?post=43218"}],"curies":[{"name":"wp","href":"https:\/\/api.w.org\/{rel}","templated":true}]}}