{"id":43223,"date":"2025-05-26T06:59:12","date_gmt":"2025-05-26T04:59:12","guid":{"rendered":"https:\/\/www.bau-styl.hu\/epitoanyag\/?post_type=product&#038;p=43223"},"modified":"2026-04-20T16:59:14","modified_gmt":"2026-04-20T14:59:14","slug":"semmelrock-diszkavics-szurke-25-40-mm-25-kg","status":"publish","type":"product","link":"https:\/\/www.bau-styl.hu\/epitoanyag\/termek\/semmelrock-diszkavics-szurke-25-40-mm-25-kg\/","title":{"rendered":"Semmelrock D\u00edszkavics sz\u00fcrke 25-40 mm 25 kg"},"content":{"rendered":"","protected":false},"excerpt":{"rendered":"<p>Sz\u00fcrke sz\u00edn\u0171 kerti d\u00edszkavics, kisebb vagy nagyobb m\u00e9retben, feh\u00e9r, illetve sz\u00fcrke sz\u00ednben. Term\u00e9szetes anyag, amely \u00f6nmag\u00e1ban vagy egym\u00e1ssal keverve is haszn\u00e1lhat\u00f3.<br \/>\nAlkalmaz\u00e1sa:<br \/>\n&#8211; kavicsos kertek<br \/>\n&#8211; kerti tavakhoz, kerti utak<br \/>\n&#8211; h\u00e1z k\u00f6r\u00fcli felt\u00f6lt\u00e9s<br \/>\n&#8211; sz\u00f6k\u0151kutak<br \/>\n&#8211; kerti dekor\u00e1ci\u00f3<br \/>\n&#8211; f\u00e1k \u00e9s vir\u00e1g\u00e1gy\u00e1sok k\u00f6r\u00e9<br \/>\n&#8211; jap\u00e1n kertek<\/p>\n","protected":false},"featured_media":42934,"template":"","meta":[],"product_brand":[11304],"product_cat":[168,174],"product_tag":[],"class_list":{"0":"post-43223","1":"product","2":"type-product","3":"status-publish","4":"has-post-thumbnail","6":"product_brand-semmelrock","7":"product_cat-kertepites-es-terburkolat","8":"product_cat-kertszepitok","10":"first","11":"instock","12":"taxable","13":"shipping-taxable","14":"purchasable","15":"product-type-simple"},"aioseo_notices":[],"_links":{"self":[{"href":"https:\/\/www.bau-styl.hu\/epitoanyag\/wp-json\/wp\/v2\/product\/43223","targetHints":{"allow":["GET"]}}],"collection":[{"href":"https:\/\/www.bau-styl.hu\/epitoanyag\/wp-json\/wp\/v2\/product"}],"about":[{"href":"https:\/\/www.bau-styl.hu\/epitoanyag\/wp-json\/wp\/v2\/types\/product"}],"wp:featuredmedia":[{"embeddable":true,"href":"https:\/\/www.bau-styl.hu\/epitoanyag\/wp-json\/wp\/v2\/media\/42934"}],"wp:attachment":[{"href":"https:\/\/www.bau-styl.hu\/epitoanyag\/wp-json\/wp\/v2\/media?parent=43223"}],"wp:term":[{"taxonomy":"product_brand","embeddable":true,"href":"https:\/\/www.bau-styl.hu\/epitoanyag\/wp-json\/wp\/v2\/product_brand?post=43223"},{"taxonomy":"product_cat","embeddable":true,"href":"https:\/\/www.bau-styl.hu\/epitoanyag\/wp-json\/wp\/v2\/product_cat?post=43223"},{"taxonomy":"product_tag","embeddable":true,"href":"https:\/\/www.bau-styl.hu\/epitoanyag\/wp-json\/wp\/v2\/product_tag?post=43223"}],"curies":[{"name":"wp","href":"https:\/\/api.w.org\/{rel}","templated":true}]}}