{"id":43226,"date":"2025-05-26T06:59:12","date_gmt":"2025-05-26T04:59:12","guid":{"rendered":"https:\/\/www.bau-styl.hu\/epitoanyag\/?post_type=product&#038;p=43226"},"modified":"2026-04-20T17:00:27","modified_gmt":"2026-04-20T15:00:27","slug":"wienerberger-kvarc-fugahomok-szurkesbarna-04-100-mm-25-kg","status":"publish","type":"product","link":"https:\/\/www.bau-styl.hu\/epitoanyag\/termek\/wienerberger-kvarc-fugahomok-szurkesbarna-04-100-mm-25-kg\/","title":{"rendered":"Wienerberger Kvarc Fugahomok sz\u00fcrk\u00e9sbarna 0,4-1,00 mm, 25 kg"},"content":{"rendered":"","protected":false},"excerpt":{"rendered":"<p>Min\u0151s\u00e9gi fugahomok, min\u0151s\u00e9gi t\u00e9rk\u00f6vekhez! A Semmelrock kvarc fugahomok univerz\u00e1lis, sz\u00fcrk\u00e9sbarna sz\u00ednben kaphat\u00f3, \u00edgy sz\u00e1mos elt\u00e9r\u0151 sz\u00edn\u0171 burkolathoz alkalmas. A kvarchomok k\u00f6nnyen bes\u00f6p\u00f6rhet\u0151, kev\u00e9sb\u00e9 hordja ki a fug\u00e1b\u00f3l a sz\u00e9l \u00e9s az es\u0151, \u00e9s j\u00f3 v\u00edz\u00e1tereszt\u0151 k\u00e9pess\u00e9g\u00e9nek k\u00f6sz\u00f6nhet\u0151en a k\u00f6rnyezetnek \u00e9s a burkolatnak egyar\u00e1nt el\u0151ny\u00e9re v\u00e1lik. A zs\u00e1kos kiszerel\u00e9snek k\u00f6sz\u00f6nhet\u0151en praktikus megold\u00e1st is jelent: tiszta, k\u00f6nnyen kezelhet\u0151, \u00e9s az ut\u00f3lagos p\u00f3tl\u00e1sa is gazdas\u00e1gosan megoldhat\u00f3.<br \/>\nAlkalmaz\u00e1sa:<br \/>\n-T\u00e9rk\u00f6vek \u00e9s lapok kavics\u00e1gyas be\u00e9p\u00edt\u00e9se sor\u00e1n a fug\u00e1k kit\u00f6lt\u00e9s\u00e9re<\/p>\n","protected":false},"featured_media":42955,"template":"","meta":[],"product_brand":[11304],"product_cat":[168,174],"product_tag":[],"class_list":{"0":"post-43226","1":"product","2":"type-product","3":"status-publish","4":"has-post-thumbnail","6":"product_brand-semmelrock","7":"product_cat-kertepites-es-terburkolat","8":"product_cat-kertszepitok","10":"first","11":"instock","12":"taxable","13":"shipping-taxable","14":"purchasable","15":"product-type-simple"},"aioseo_notices":[],"_links":{"self":[{"href":"https:\/\/www.bau-styl.hu\/epitoanyag\/wp-json\/wp\/v2\/product\/43226","targetHints":{"allow":["GET"]}}],"collection":[{"href":"https:\/\/www.bau-styl.hu\/epitoanyag\/wp-json\/wp\/v2\/product"}],"about":[{"href":"https:\/\/www.bau-styl.hu\/epitoanyag\/wp-json\/wp\/v2\/types\/product"}],"wp:featuredmedia":[{"embeddable":true,"href":"https:\/\/www.bau-styl.hu\/epitoanyag\/wp-json\/wp\/v2\/media\/42955"}],"wp:attachment":[{"href":"https:\/\/www.bau-styl.hu\/epitoanyag\/wp-json\/wp\/v2\/media?parent=43226"}],"wp:term":[{"taxonomy":"product_brand","embeddable":true,"href":"https:\/\/www.bau-styl.hu\/epitoanyag\/wp-json\/wp\/v2\/product_brand?post=43226"},{"taxonomy":"product_cat","embeddable":true,"href":"https:\/\/www.bau-styl.hu\/epitoanyag\/wp-json\/wp\/v2\/product_cat?post=43226"},{"taxonomy":"product_tag","embeddable":true,"href":"https:\/\/www.bau-styl.hu\/epitoanyag\/wp-json\/wp\/v2\/product_tag?post=43226"}],"curies":[{"name":"wp","href":"https:\/\/api.w.org\/{rel}","templated":true}]}}