{"id":43252,"date":"2025-05-06T09:56:48","date_gmt":"2025-05-06T07:56:48","guid":{"rendered":"https:\/\/www.bau-styl.hu\/epitoanyag\/?post_type=product&#038;p=43252"},"modified":"2026-04-20T12:11:51","modified_gmt":"2026-04-20T10:11:51","slug":"creaton-klassik-alapcserep-nuance-palaszurke-engobozott","status":"publish","type":"product","link":"https:\/\/www.bau-styl.hu\/epitoanyag\/termek\/creaton-klassik-alapcserep-nuance-palaszurke-engobozott\/","title":{"rendered":"Creaton Klassik Alapcser\u00e9p Nuance palasz\u00fcrke eng\u00f3bozott"},"content":{"rendered":"","protected":false},"excerpt":{"rendered":"<p>A KLASSIK f\u00e9lk\u00f6r\u00edves v\u00e1g\u00e1s\u00fa h\u00f3dfark\u00fa tet\u0151cserepek rendelkeznek a legsz\u00e9lesebb k\u00f6r\u0171 alkalmaz\u00e1si ter\u00fclettel. Egyszer\u0171, visszafogott \u00e9s \u00e9ppen ez\u00e9rt id\u0151tlen form\u00e1juk r\u00e9v\u00e9n klasszikus sz\u00e9ps\u00e9g\u0171 tet\u0151fel\u00fcleteket alkotnak. A klasszikus k\u00f6rv\u00e1g\u00e1s\u00fa h\u00f3dfark\u00fa tet\u0151cser\u00e9p optikailag feloldja a tet\u0151fel\u00fcletet \u00e9s t\u00f6k\u00e9letes harm\u00f3ni\u00e1t teremt. A sz\u00ednek \u00e9s a fel\u00fcletek sz\u00e9les spektruma mind a fel\u00faj\u00edt\u00e1sok, mind az \u00faj \u00e9p\u00edt\u00e9s\u0171 h\u00e1zak eset\u00e9n teret enged az individu\u00e1lis megold\u00e1soknak a tet\u0151fed\u00e9s sor\u00e1n. Az alapcser\u00e9p mell\u00e9 opcion\u00e1lis term\u00e9kek, idomcserepek (szell\u0151z\u0151cser\u00e9p, hornyolt gerinccser\u00e9p, sajtolt gerinccser\u00e9p, hornyolt kezd\u0151 gerinccser\u00e9p, sajtolt kezd\u0151 gerinccser\u00e9p, hornyolt h\u00e1rmas gerinceloszt\u00f3 elem, sajtolt XXL gerinccser\u00e9p, sajtolt h\u00e1rmas gerinceloszt\u00f3 elem, szeg\u00e9lycser\u00e9p) k\u00f6z\u00fcl v\u00e1laszthat, amelyek \u00e1rair\u00f3l az aj\u00e1nlatk\u00e9r\u00e9s lead\u00e1s\u00e1t k\u00f6vet\u0151en munkat\u00e1rsunk emailben t\u00e1j\u00e9koztatja \u00d6nt.<\/p>\n","protected":false},"featured_media":42720,"template":"","meta":[],"product_brand":[11272],"product_cat":[355,6656],"product_tag":[],"class_list":{"0":"post-43252","1":"product","2":"type-product","3":"status-publish","4":"has-post-thumbnail","6":"product_brand-creaton","7":"product_cat-tetofedes","8":"product_cat-keramia-cserep","10":"first","11":"instock","12":"taxable","13":"shipping-taxable","14":"purchasable","15":"product-type-simple"},"aioseo_notices":[],"_links":{"self":[{"href":"https:\/\/www.bau-styl.hu\/epitoanyag\/wp-json\/wp\/v2\/product\/43252","targetHints":{"allow":["GET"]}}],"collection":[{"href":"https:\/\/www.bau-styl.hu\/epitoanyag\/wp-json\/wp\/v2\/product"}],"about":[{"href":"https:\/\/www.bau-styl.hu\/epitoanyag\/wp-json\/wp\/v2\/types\/product"}],"wp:featuredmedia":[{"embeddable":true,"href":"https:\/\/www.bau-styl.hu\/epitoanyag\/wp-json\/wp\/v2\/media\/42720"}],"wp:attachment":[{"href":"https:\/\/www.bau-styl.hu\/epitoanyag\/wp-json\/wp\/v2\/media?parent=43252"}],"wp:term":[{"taxonomy":"product_brand","embeddable":true,"href":"https:\/\/www.bau-styl.hu\/epitoanyag\/wp-json\/wp\/v2\/product_brand?post=43252"},{"taxonomy":"product_cat","embeddable":true,"href":"https:\/\/www.bau-styl.hu\/epitoanyag\/wp-json\/wp\/v2\/product_cat?post=43252"},{"taxonomy":"product_tag","embeddable":true,"href":"https:\/\/www.bau-styl.hu\/epitoanyag\/wp-json\/wp\/v2\/product_tag?post=43252"}],"curies":[{"name":"wp","href":"https:\/\/api.w.org\/{rel}","templated":true}]}}