{"id":43270,"date":"2025-05-26T06:59:12","date_gmt":"2025-05-26T04:59:12","guid":{"rendered":"https:\/\/www.bau-styl.hu\/epitoanyag\/?post_type=product&#038;p=43270"},"modified":"2026-04-20T17:00:54","modified_gmt":"2026-04-20T15:00:54","slug":"semmelrock-gyepracsko-terko-szurke-60x40x10-cm","status":"publish","type":"product","link":"https:\/\/www.bau-styl.hu\/epitoanyag\/termek\/semmelrock-gyepracsko-terko-szurke-60x40x10-cm\/","title":{"rendered":"Semmelrock Gyepr\u00e1csk\u0151 t\u00e9rk\u0151 sz\u00fcrke 60x40x10 cm"},"content":{"rendered":"","protected":false},"excerpt":{"rendered":"<p>Min\u0151s\u00e9gi betonb\u00f3l k\u00e9sz\u00fclt, sz\u00fcrke sz\u00edn\u0171, megn\u00f6velt v\u00edzelvezet\u0151 k\u00e9pess\u00e9ggel rendelkez\u0151 gyepr\u00e1csk\u0151, amelynek r\u00e1csszer\u0171 szerkezete t\u00e1gas kamr\u00e1kat k\u00e9pez, \u00edgy a parkol\u00e1st szolg\u00e1l\u00f3 ter\u00fcleteken szem\u00e9lyg\u00e9pj\u00e1rm\u0171 forgalomra alkalmas z\u00f6ld fel\u00fcletek k\u00e9pezhet\u0151k.<br \/>\nAlkalmaz\u00e1sa:<br \/>\n&#8211; \u00fat\u00e9p\u00edt\u00e9sek<br \/>\n&#8211; j\u00e1rda burkolat<br \/>\n&#8211; kerti utak<br \/>\n&#8211; f\u0151utak<\/p>\n","protected":false},"featured_media":42895,"template":"","meta":[],"product_brand":[11304],"product_cat":[168,174],"product_tag":[],"class_list":{"0":"post-43270","1":"product","2":"type-product","3":"status-publish","4":"has-post-thumbnail","6":"product_brand-semmelrock","7":"product_cat-kertepites-es-terburkolat","8":"product_cat-kertszepitok","10":"first","11":"instock","12":"taxable","13":"shipping-taxable","14":"purchasable","15":"product-type-simple"},"aioseo_notices":[],"_links":{"self":[{"href":"https:\/\/www.bau-styl.hu\/epitoanyag\/wp-json\/wp\/v2\/product\/43270","targetHints":{"allow":["GET"]}}],"collection":[{"href":"https:\/\/www.bau-styl.hu\/epitoanyag\/wp-json\/wp\/v2\/product"}],"about":[{"href":"https:\/\/www.bau-styl.hu\/epitoanyag\/wp-json\/wp\/v2\/types\/product"}],"wp:featuredmedia":[{"embeddable":true,"href":"https:\/\/www.bau-styl.hu\/epitoanyag\/wp-json\/wp\/v2\/media\/42895"}],"wp:attachment":[{"href":"https:\/\/www.bau-styl.hu\/epitoanyag\/wp-json\/wp\/v2\/media?parent=43270"}],"wp:term":[{"taxonomy":"product_brand","embeddable":true,"href":"https:\/\/www.bau-styl.hu\/epitoanyag\/wp-json\/wp\/v2\/product_brand?post=43270"},{"taxonomy":"product_cat","embeddable":true,"href":"https:\/\/www.bau-styl.hu\/epitoanyag\/wp-json\/wp\/v2\/product_cat?post=43270"},{"taxonomy":"product_tag","embeddable":true,"href":"https:\/\/www.bau-styl.hu\/epitoanyag\/wp-json\/wp\/v2\/product_tag?post=43270"}],"curies":[{"name":"wp","href":"https:\/\/api.w.org\/{rel}","templated":true}]}}